{"id":31,"date":"2024-06-06T18:46:41","date_gmt":"2024-06-06T18:46:41","guid":{"rendered":"https:\/\/gotimebox.com\/?page_id=31"},"modified":"2025-05-19T09:12:45","modified_gmt":"2025-05-19T01:12:45","slug":"privacy-policy","status":"publish","type":"page","link":"https:\/\/gotimebox.com\/de\/privacy-policy\/","title":{"rendered":"Privacy policy"},"content":{"rendered":"<div data-elementor-type=\"wp-page\" data-elementor-id=\"31\" class=\"elementor elementor-31\" data-elementor-post-type=\"page\">\n\t\t\t\t<div class=\"elementor-element elementor-element-6a6084a e-flex e-con-boxed e-con e-parent\" data-id=\"6a6084a\" data-element_type=\"container\" data-settings=\"{&quot;background_background&quot;:&quot;classic&quot;}\">\n\t\t\t\t\t<div class=\"e-con-inner\">\n\t\t\t\t<div class=\"elementor-element elementor-element-c2dd4c1 elementor-widget elementor-widget-heading\" data-id=\"c2dd4c1\" data-element_type=\"widget\" data-widget_type=\"heading.default\">\n\t\t\t\t<div class=\"elementor-widget-container\">\n\t\t\t\t\t<h2 class=\"elementor-heading-title elementor-size-default\">DATENSCHUTZPOLITIK<\/h2>\t\t\t\t<\/div>\n\t\t\t\t<\/div>\n\t\t\t\t<div class=\"elementor-element elementor-element-b489197 elementor-widget elementor-widget-text-editor\" data-id=\"b489197\" data-element_type=\"widget\" data-widget_type=\"text-editor.default\">\n\t\t\t\t<div class=\"elementor-widget-container\">\n\t\t\t\t\t\t\t\t\t<p data-pm-slice=\"1 1 []\">Diese Datenschutzrichtlinie gilt f\u00fcr Besucher und Nutzer von <a href=\"https:\/\/gotimebox.com\/de\/\">https:\/\/gotimebox.com<\/a> (\"Website\") und beschreibt, wie XJ Electronics (\"wir\", \"unser\" oder \"uns\") Ihre pers\u00f6nlichen Daten sammelt, verwendet, weitergibt und sch\u00fctzt. Diese Richtlinie soll die Datenschutzanforderungen von Benutzern im Europ\u00e4ischen Wirtschaftsraum (EWR), im Vereinigten K\u00f6nigreich (UK) und in den Vereinigten Staaten (US) erf\u00fcllen.<\/p><div><hr \/><\/div><h3>1. Einleitung<\/h3><p>Wir verpflichten uns, Ihre Privatsph\u00e4re zu sch\u00fctzen. Bei der Verarbeitung Ihrer personenbezogenen Daten halten wir uns an die geltenden Datenschutzgesetze, einschlie\u00dflich der EU-DSGVO, des britischen Datenschutzgesetzes und der einschl\u00e4gigen US-Datenschutzvorschriften.<\/p><h3>2. Datenerhebung und -nutzung<\/h3><p>Wir erheben und verwenden personenbezogene Daten f\u00fcr rechtm\u00e4\u00dfige Zwecke, einschlie\u00dflich:<\/p><ul data-spread=\"false\"><li><p>Ausf\u00fchrung von Auftr\u00e4gen<\/p><\/li><li><p>Unterst\u00fctzung der Kunden<\/p><\/li><li><p>Bearbeitung von Zahlungen<\/p><\/li><li><p>Versand von Marketing-E-Mails (nur mit Zustimmung)<\/p><\/li><li><p>Verbesserung unserer Website und Dienstleistungen<\/p><\/li><\/ul><p>Wir erheben nur so viele personenbezogene Daten wie n\u00f6tig und bitten Sie bei Bedarf um Ihre ausdr\u00fcckliche Zustimmung.<\/p><h3>3. Weitergabe an Dritte<\/h3><p>Wir k\u00f6nnen Ihre pers\u00f6nlichen Daten weitergeben an:<\/p><ul data-spread=\"false\"><li><p>Zahlungsabwickler<\/p><\/li><li><p>Logistik- und Lieferpartner<\/p><\/li><li><p>Plattformen f\u00fcr den Kundendienst<\/p><\/li><li><p>IT-Dienstleister<\/p><\/li><\/ul><p>Alle diese Parteien sind vertraglich dazu verpflichtet, Ihre Daten sicher und rechtm\u00e4\u00dfig zu behandeln.<\/p><p>Wir k\u00f6nnen Ihre personenbezogenen Daten auch weitergeben:<\/p><ul data-spread=\"false\"><li><p>Zur Erf\u00fcllung gesetzlicher Verpflichtungen<\/p><\/li><li><p>Als Reaktion auf Strafverfolgungsbeh\u00f6rden oder staatliche Stellen<\/p><\/li><li><p>Bei Unternehmens\u00fcbertragungen (Fusion, \u00dcbernahme oder Verkauf)<\/p><\/li><\/ul><h3>4. Cookies<\/h3><p>Unsere Website verwendet Cookies, um die Benutzerfreundlichkeit zu verbessern. F\u00fcr Details, lesen Sie bitte unsere <a>Cookie-Richtlinie<\/a>.<\/p><h3>5. Deine Rechte<\/h3><p>Je nach Ihrem Wohnort haben Sie m\u00f6glicherweise das Recht darauf:<\/p><ul data-spread=\"false\"><li><p>Zugang zu Ihren pers\u00f6nlichen Daten<\/p><\/li><li><p>Ihre Daten korrigieren oder l\u00f6schen<\/p><\/li><li><p>Zustimmung jederzeit widerrufen<\/p><\/li><li><p>Widerspruch gegen die Verarbeitung<\/p><\/li><li><p>Antrag auf Daten\u00fcbertragbarkeit<\/p><\/li><li><p>Reichen Sie eine Beschwerde bei Ihrer \u00f6rtlichen Datenschutzbeh\u00f6rde ein<\/p><\/li><\/ul><p>Wir werden \u00fcberpr\u00fcfbare Anfragen in \u00dcbereinstimmung mit den geltenden Gesetzen beantworten. Bitte weisen Sie sich bei einer Anfrage eindeutig aus.<\/p><h3>6. Do Not Track (US-Benutzer)<\/h3><p>Wir unterst\u00fctzen die Browser-Einstellungen \"Do Not Track\" (DNT) und ber\u00fccksichtigen diese, soweit technisch m\u00f6glich.<\/p><h3>7. Die Privatsph\u00e4re der Kinder<\/h3><p>Unsere Website ist nicht f\u00fcr Kinder bestimmt, die in ihrem Wohnsitzland noch nicht vollj\u00e4hrig sind. Wir sammeln nicht wissentlich Daten von Minderj\u00e4hrigen.<\/p><h3>8. Sicherheit<\/h3><p>Wir setzen technische und organisatorische Ma\u00dfnahmen ein, um Ihre Daten vor unberechtigtem Zugriff, Verlust oder Missbrauch zu sch\u00fctzen. Der Zugang ist auf autorisiertes Personal beschr\u00e4nkt.<\/p><h3>9. Websites von Drittanbietern<\/h3><p>Unsere Website kann Links zu Websites Dritter enthalten. Wir sind nicht verantwortlich f\u00fcr deren Datenschutzpraktiken und empfehlen, deren Datenschutzrichtlinien zu lesen.<\/p><h3>10. \u00c4nderungen an dieser Politik<\/h3><p>Wir k\u00f6nnen diese Datenschutzrichtlinie aktualisieren. Bitte \u00fcberpr\u00fcfen Sie diese Seite regelm\u00e4\u00dfig. Soweit m\u00f6glich, werden wir die Nutzer \u00fcber wesentliche \u00c4nderungen informieren.<\/p><h3>11. Kontakt<\/h3><p>Wenn Sie Fragen oder Bedenken bez\u00fcglich Ihrer pers\u00f6nlichen Daten haben oder Ihre Rechte aus\u00fcben m\u00f6chten, wenden Sie sich bitte an uns:<\/p><p><strong>XJ Elektronik<\/strong><br \/>Raum 1502, 15\/F, Lucky Commercial Centre<br \/>103-109 Des Voeux Road West, Sheung Wan, Hongkong<br \/><strong>Website<\/strong>: <a href=\"https:\/\/gotimebox.com\/de\/\">https:\/\/gotimebox.com<\/a><br \/><strong>E-Mail<\/strong>: <a>service@gotimebox.com<\/a><br \/><strong>Telefon<\/strong>: +852 9409 1966<\/p>\t\t\t\t\t\t\t\t<\/div>\n\t\t\t\t<\/div>\n\t\t\t\t\t<\/div>\n\t\t\t\t<\/div>\n\t\t\t\t<\/div>","protected":false},"excerpt":{"rendered":"<p>PRIVACY POLICY This Privacy Policy applies to visitors and users of https:\/\/gotimebox.com (&#8220;Website&#8221;) and describes how XJ Electronics (&#8220;we,&#8221; &#8220;our,&#8221; [&hellip;]<\/p>","protected":false},"author":1,"featured_media":0,"parent":0,"menu_order":0,"comment_status":"closed","ping_status":"closed","template":"","meta":{"site-sidebar-layout":"no-sidebar","site-content-layout":"","ast-site-content-layout":"full-width-container","site-content-style":"default","site-sidebar-style":"default","ast-global-header-display":"","ast-banner-title-visibility":"","ast-main-header-display":"","ast-hfb-above-header-display":"","ast-hfb-below-header-display":"","ast-hfb-mobile-header-display":"","site-post-title":"disabled","ast-breadcrumbs-content":"","ast-featured-img":"disabled","footer-sml-layout":"","theme-transparent-header-meta":"","adv-header-id-meta":"","stick-header-meta":"","header-above-stick-meta":"","header-main-stick-meta":"","header-below-stick-meta":"","astra-migrate-meta-layouts":"default","ast-page-background-enabled":"default","ast-page-background-meta":{"desktop":{"background-color":"var(--ast-global-color-4)","background-image":"","background-repeat":"repeat","background-position":"center center","background-size":"auto","background-attachment":"scroll","background-type":"","background-media":"","overlay-type":"","overlay-color":"","overlay-opacity":"","overlay-gradient":""},"tablet":{"background-color":"","background-image":"","background-repeat":"repeat","background-position":"center center","background-size":"auto","background-attachment":"scroll","background-type":"","background-media":"","overlay-type":"","overlay-color":"","overlay-opacity":"","overlay-gradient":""},"mobile":{"background-color":"","background-image":"","background-repeat":"repeat","background-position":"center center","background-size":"auto","background-attachment":"scroll","background-type":"","background-media":"","overlay-type":"","overlay-color":"","overlay-opacity":"","overlay-gradient":""}},"ast-content-background-meta":{"desktop":{"background-color":"var(--ast-global-color-5)","background-image":"","background-repeat":"repeat","background-position":"center center","background-size":"auto","background-attachment":"scroll","background-type":"","background-media":"","overlay-type":"","overlay-color":"","overlay-opacity":"","overlay-gradient":""},"tablet":{"background-color":"var(--ast-global-color-5)","background-image":"","background-repeat":"repeat","background-position":"center center","background-size":"auto","background-attachment":"scroll","background-type":"","background-media":"","overlay-type":"","overlay-color":"","overlay-opacity":"","overlay-gradient":""},"mobile":{"background-color":"var(--ast-global-color-5)","background-image":"","background-repeat":"repeat","background-position":"center center","background-size":"auto","background-attachment":"scroll","background-type":"","background-media":"","overlay-type":"","overlay-color":"","overlay-opacity":"","overlay-gradient":""}},"footnotes":""},"class_list":["post-31","page","type-page","status-publish","hentry"],"_links":{"self":[{"href":"https:\/\/gotimebox.com\/de\/wp-json\/wp\/v2\/pages\/31","targetHints":{"allow":["GET"]}}],"collection":[{"href":"https:\/\/gotimebox.com\/de\/wp-json\/wp\/v2\/pages"}],"about":[{"href":"https:\/\/gotimebox.com\/de\/wp-json\/wp\/v2\/types\/page"}],"author":[{"embeddable":true,"href":"https:\/\/gotimebox.com\/de\/wp-json\/wp\/v2\/users\/1"}],"replies":[{"embeddable":true,"href":"https:\/\/gotimebox.com\/de\/wp-json\/wp\/v2\/comments?post=31"}],"version-history":[{"count":0,"href":"https:\/\/gotimebox.com\/de\/wp-json\/wp\/v2\/pages\/31\/revisions"}],"wp:attachment":[{"href":"https:\/\/gotimebox.com\/de\/wp-json\/wp\/v2\/media?parent=31"}],"curies":[{"name":"wp","href":"https:\/\/api.w.org\/{rel}","templated":true}]}}