{"id":615,"date":"2024-10-27T11:17:29","date_gmt":"2024-10-27T11:17:29","guid":{"rendered":"https:\/\/gotimebox.com\/?page_id=615"},"modified":"2024-10-27T11:22:08","modified_gmt":"2024-10-27T11:22:08","slug":"cookies-policy","status":"publish","type":"page","link":"https:\/\/gotimebox.com\/de\/cookies-policy\/","title":{"rendered":"Cookies-Politik"},"content":{"rendered":"<div data-elementor-type=\"wp-page\" data-elementor-id=\"615\" class=\"elementor elementor-615\" data-elementor-post-type=\"page\">\n\t\t\t\t<div class=\"elementor-element elementor-element-fc3eeea e-flex e-con-boxed e-con e-parent\" data-id=\"fc3eeea\" data-element_type=\"container\">\n\t\t\t\t\t<div class=\"e-con-inner\">\n\t\t\t\t<div class=\"elementor-element elementor-element-d2fa7fd elementor-widget elementor-widget-heading\" data-id=\"d2fa7fd\" data-element_type=\"widget\" data-widget_type=\"heading.default\">\n\t\t\t\t<div class=\"elementor-widget-container\">\n\t\t\t\t\t<h2 class=\"elementor-heading-title elementor-size-default\">Cookies-Politik<\/h2>\t\t\t\t<\/div>\n\t\t\t\t<\/div>\n\t\t\t\t<div class=\"elementor-element elementor-element-1c990a6 elementor-widget elementor-widget-text-editor\" data-id=\"1c990a6\" data-element_type=\"widget\" data-widget_type=\"text-editor.default\">\n\t\t\t\t<div class=\"elementor-widget-container\">\n\t\t\t\t\t\t\t\t\t<h4>1. Einleitung<\/h4><p>Willkommen bei <strong>GoTimeBox.com<\/strong> (im Folgenden als \"wir\", \"unser\" oder \"uns\" bezeichnet). Diese Cookie-Richtlinie erkl\u00e4rt, wie wir Cookies und \u00e4hnliche Technologien auf unserer Website verwenden, um Ihre Erfahrung zu verbessern und Ihnen personalisierte Inhalte zu bieten.<\/p><h4>2. Was sind Cookies?<\/h4><p>Cookies sind kleine Textdateien, die auf Ihrem Ger\u00e4t gespeichert werden, wenn Sie eine Website besuchen. Sie helfen uns zu verstehen, wie Sie unsere Website nutzen, erinnern sich an Ihre Pr\u00e4ferenzen und verbessern Ihr Surferlebnis. Cookies k\u00f6nnen entweder \"Sitzungscookies\" sein (die ablaufen, wenn Sie Ihren Browser schlie\u00dfen) oder \"dauerhafte Cookies\" (die f\u00fcr einen bestimmten Zeitraum auf Ihrem Ger\u00e4t verbleiben).<\/p><h4>3. Arten von Cookies, die wir verwenden<\/h4><p>Wir verwenden die folgenden Arten von Cookies auf unserer Website:<\/p><ul><li><p><strong>Unverzichtbare Cookies<\/strong>: Diese Cookies sind notwendig, damit die Website ordnungsgem\u00e4\u00df funktioniert und Ihnen die von Ihnen angeforderten Dienste zur Verf\u00fcgung gestellt werden k\u00f6nnen. Dazu geh\u00f6ren Cookies, die es Ihnen erm\u00f6glichen, sich einzuloggen, den Einkaufswagen zu benutzen und auf sichere Bereiche der Website zuzugreifen.<\/p><\/li><li><p><strong>Leistung Cookies<\/strong>: Diese Cookies helfen uns zu verstehen, wie Besucher mit unserer Website interagieren, indem sie Informationen sammeln und melden. Sie helfen uns, die Leistung und Benutzerfreundlichkeit unserer Website zu verbessern. Wir verwenden zum Beispiel Google Analytics, um das Nutzerverhalten zu analysieren.<\/p><\/li><li><p><strong>Funktionale Cookies<\/strong>: Diese Cookies erm\u00f6glichen es uns, Ihre Pr\u00e4ferenzen zu speichern und erweiterte Funktionen bereitzustellen. Sie k\u00f6nnen sich zum Beispiel Ihre Sprachpr\u00e4ferenz oder andere Einstellungen merken.<\/p><\/li><li><p><strong>Zielgerichtete Cookies<\/strong>: Diese Cookies werden verwendet, um Anzeigen zu schalten, die f\u00fcr Sie und Ihre Interessen relevant sind. Sie k\u00f6nnen auch verwendet werden, um die Anzahl der Anzeigen zu begrenzen, die Sie sehen, und um die Wirksamkeit von Werbekampagnen zu messen.<\/p><\/li><\/ul><h4>4. Cookies von Drittanbietern<\/h4><p>Wir k\u00f6nnen auch Drittanbietern erlauben, Cookies auf Ihrem Ger\u00e4t zu platzieren. Diese Drittanbieter-Cookies unterliegen den Datenschutzrichtlinien der jeweiligen Drittanbieter. Beispiele hierf\u00fcr sind:<\/p><ul><li><strong>Google Analytics<\/strong>: Zur Verfolgung und Analyse des Website-Verkehrs.<\/li><li><strong>Social Media-Schaltfl\u00e4chen<\/strong>: Erm\u00f6glicht die Freigabe von Inhalten auf sozialen Medienplattformen.<\/li><\/ul><h4>5. Wie man Cookies verwaltet<\/h4><p>Sie k\u00f6nnen Ihre Cookie-Pr\u00e4ferenzen \u00fcber Ihre Browser-Einstellungen verwalten. Bei den meisten Browsern k\u00f6nnen Sie Cookies ablehnen oder l\u00f6schen. Bitte beachten Sie jedoch, dass die Deaktivierung von Cookies die Funktionalit\u00e4t unserer Website beeintr\u00e4chtigen kann. Anweisungen zur Verwaltung von Cookies finden Sie im Hilfebereich Ihres Browsers:<\/p><ul><li>Google Chrome<\/li><li>Mozilla Firefox<\/li><li>Safari<\/li><li>Microsoft Edge<\/li><\/ul><h4>6. \u00c4nderungen an dieser Cookie-Richtlinie<\/h4><p>Wir behalten uns vor, diese Cookie-Richtlinie von Zeit zu Zeit zu aktualisieren, um \u00c4nderungen in der Technologie oder den rechtlichen Anforderungen Rechnung zu tragen. Wir empfehlen Ihnen, diese Richtlinie regelm\u00e4\u00dfig zu lesen, um sich \u00fcber unsere Verwendung von Cookies zu informieren.<\/p><h4>7. Kontakt<\/h4><p>Wenn Sie Fragen oder Bedenken bez\u00fcglich unserer Verwendung von Cookies haben, kontaktieren Sie uns bitte unter<\/p><p><a href=\"https:\/\/gotimebox.com\/de\/\">GoTimeBox.com<\/a><br \/>E-Mail: <a rel=\"noopener\">service@gotimebox.com<\/a><\/p>\t\t\t\t\t\t\t\t<\/div>\n\t\t\t\t<\/div>\n\t\t\t\t\t<\/div>\n\t\t\t\t<\/div>\n\t\t\t\t<\/div>","protected":false},"excerpt":{"rendered":"<p>Cookies Policy 1. Introduction Welcome to GoTimeBox.com (referred to as \u201cwe\u201d, \u201cour\u201d, or \u201cus\u201d). This Cookies Policy explains how we [&hellip;]<\/p>","protected":false},"author":1,"featured_media":0,"parent":0,"menu_order":0,"comment_status":"closed","ping_status":"closed","template":"","meta":{"site-sidebar-layout":"no-sidebar","site-content-layout":"","ast-site-content-layout":"full-width-container","site-content-style":"default","site-sidebar-style":"default","ast-global-header-display":"","ast-banner-title-visibility":"","ast-main-header-display":"","ast-hfb-above-header-display":"","ast-hfb-below-header-display":"","ast-hfb-mobile-header-display":"","site-post-title":"disabled","ast-breadcrumbs-content":"","ast-featured-img":"disabled","footer-sml-layout":"","theme-transparent-header-meta":"","adv-header-id-meta":"","stick-header-meta":"","header-above-stick-meta":"","header-main-stick-meta":"","header-below-stick-meta":"","astra-migrate-meta-layouts":"default","ast-page-background-enabled":"default","ast-page-background-meta":{"desktop":{"background-color":"var(--ast-global-color-4)","background-image":"","background-repeat":"repeat","background-position":"center center","background-size":"auto","background-attachment":"scroll","background-type":"","background-media":"","overlay-type":"","overlay-color":"","overlay-opacity":"","overlay-gradient":""},"tablet":{"background-color":"","background-image":"","background-repeat":"repeat","background-position":"center center","background-size":"auto","background-attachment":"scroll","background-type":"","background-media":"","overlay-type":"","overlay-color":"","overlay-opacity":"","overlay-gradient":""},"mobile":{"background-color":"","background-image":"","background-repeat":"repeat","background-position":"center center","background-size":"auto","background-attachment":"scroll","background-type":"","background-media":"","overlay-type":"","overlay-color":"","overlay-opacity":"","overlay-gradient":""}},"ast-content-background-meta":{"desktop":{"background-color":"var(--ast-global-color-5)","background-image":"","background-repeat":"repeat","background-position":"center center","background-size":"auto","background-attachment":"scroll","background-type":"","background-media":"","overlay-type":"","overlay-color":"","overlay-opacity":"","overlay-gradient":""},"tablet":{"background-color":"var(--ast-global-color-5)","background-image":"","background-repeat":"repeat","background-position":"center center","background-size":"auto","background-attachment":"scroll","background-type":"","background-media":"","overlay-type":"","overlay-color":"","overlay-opacity":"","overlay-gradient":""},"mobile":{"background-color":"var(--ast-global-color-5)","background-image":"","background-repeat":"repeat","background-position":"center center","background-size":"auto","background-attachment":"scroll","background-type":"","background-media":"","overlay-type":"","overlay-color":"","overlay-opacity":"","overlay-gradient":""}},"footnotes":""},"class_list":["post-615","page","type-page","status-publish","hentry"],"_links":{"self":[{"href":"https:\/\/gotimebox.com\/de\/wp-json\/wp\/v2\/pages\/615","targetHints":{"allow":["GET"]}}],"collection":[{"href":"https:\/\/gotimebox.com\/de\/wp-json\/wp\/v2\/pages"}],"about":[{"href":"https:\/\/gotimebox.com\/de\/wp-json\/wp\/v2\/types\/page"}],"author":[{"embeddable":true,"href":"https:\/\/gotimebox.com\/de\/wp-json\/wp\/v2\/users\/1"}],"replies":[{"embeddable":true,"href":"https:\/\/gotimebox.com\/de\/wp-json\/wp\/v2\/comments?post=615"}],"version-history":[{"count":0,"href":"https:\/\/gotimebox.com\/de\/wp-json\/wp\/v2\/pages\/615\/revisions"}],"wp:attachment":[{"href":"https:\/\/gotimebox.com\/de\/wp-json\/wp\/v2\/media?parent=615"}],"curies":[{"name":"wp","href":"https:\/\/api.w.org\/{rel}","templated":true}]}}