{"id":629,"date":"2024-10-27T11:37:35","date_gmt":"2024-10-27T11:37:35","guid":{"rendered":"https:\/\/gotimebox.com\/?page_id=629"},"modified":"2024-10-27T11:38:29","modified_gmt":"2024-10-27T11:38:29","slug":"returns","status":"publish","type":"page","link":"https:\/\/gotimebox.com\/de\/returns\/","title":{"rendered":"R\u00fcckgabe"},"content":{"rendered":"<div data-elementor-type=\"wp-page\" data-elementor-id=\"629\" class=\"elementor elementor-629\" data-elementor-post-type=\"page\">\n\t\t\t\t<div class=\"elementor-element elementor-element-32a4c66 e-flex e-con-boxed e-con e-parent\" data-id=\"32a4c66\" data-element_type=\"container\">\n\t\t\t\t\t<div class=\"e-con-inner\">\n\t\t\t\t<div class=\"elementor-element elementor-element-fb2c2c4 elementor-widget elementor-widget-heading\" data-id=\"fb2c2c4\" data-element_type=\"widget\" data-widget_type=\"heading.default\">\n\t\t\t\t<div class=\"elementor-widget-container\">\n\t\t\t\t\t<h2 class=\"elementor-heading-title elementor-size-default\">R\u00fcckgabe-, Erstattungs- und Umtauschbestimmungen<\/h2>\t\t\t\t<\/div>\n\t\t\t\t<\/div>\n\t\t\t\t<div class=\"elementor-element elementor-element-a1f9b8d elementor-widget elementor-widget-text-editor\" data-id=\"a1f9b8d\" data-element_type=\"widget\" data-widget_type=\"text-editor.default\">\n\t\t\t\t<div class=\"elementor-widget-container\">\n\t\t\t\t\t\t\t\t\t<p>Bei GoTimeBox bieten wir ein 30-t\u00e4giges R\u00fcckgaberecht an, das es Ihnen erm\u00f6glicht, innerhalb von 30 Tagen nach Erhalt Ihres Artikels eine R\u00fcckgabe zu beantragen.<\/p><h4>Berechtigung zur R\u00fcckgabe<\/h4><p>Um f\u00fcr eine R\u00fcckgabe in Frage zu kommen, muss sich Ihr Artikel im gleichen Zustand befinden, wie Sie ihn erhalten haben - ungetragen, unbenutzt, mit Etiketten und in der Originalverpackung. Das Anprobieren von Artikeln wie Uhren, Ringen oder Armb\u00e4ndern ist erlaubt, solange das Produkt unbesch\u00e4digt und in einem wiederverkaufsf\u00e4higen Zustand ist. Sie m\u00fcssen au\u00dferdem die Quittung oder den Kaufbeleg vorlegen.<\/p><p>Um eine R\u00fccksendung zu veranlassen, kontaktieren Sie uns bitte unter <a rel=\"noopener\">service@gotimebox.com<\/a>.<\/p><p>Sobald Ihre R\u00fccksendung genehmigt ist, erhalten Sie von uns detaillierte Anweisungen, wie und wohin Sie Ihr Paket schicken m\u00fcssen. Artikel, die ohne vorherige Genehmigung zur\u00fcckgeschickt werden, werden nicht angenommen.<\/p><p>Wenn Sie Fragen zur R\u00fcckgabe haben, k\u00f6nnen Sie sich gerne an uns wenden.<\/p><h4>Schadenersatz und Fragen<\/h4><p>Bitte \u00fcberpr\u00fcfen Sie Ihre Bestellung nach Erhalt und kontaktieren Sie uns sofort, wenn der Artikel defekt oder besch\u00e4digt ist oder wenn Sie den falschen Artikel erhalten haben. Wir werden das Problem bewerten und so schnell wie m\u00f6glich beheben.<\/p><h4>Ausnahmen \/ Nicht zur\u00fccknehmbare Artikel<\/h4><p>Bestimmte Artikel sind von der R\u00fcckgabe ausgeschlossen, darunter auch Sonderanfertigungen (z. B. spezielle Bestellungen oder personalisierte Artikel). Wenn Sie Fragen zu einem bestimmten Artikel haben, kontaktieren Sie uns bitte.<\/p><h4>Tauschb\u00f6rsen<\/h4><p>Wenn Sie einen Artikel umtauschen m\u00f6chten, ist es am einfachsten, den urspr\u00fcnglichen Artikel zur\u00fcckzusenden und eine neue Bestellung aufzugeben, nachdem die R\u00fccksendung genehmigt wurde. Alternativ k\u00f6nnen wir je nach Verf\u00fcgbarkeit einen direkten Umtausch erm\u00f6glichen.<\/p><h4>Erstattungen<\/h4><p>Sobald wir Ihre R\u00fccksendung erhalten und gepr\u00fcft haben, werden wir Sie \u00fcber die Genehmigung der R\u00fcckerstattung informieren. Wenn die R\u00fcckerstattung genehmigt wurde, wird sie innerhalb von 10 Werktagen automatisch auf Ihre urspr\u00fcngliche Zahlungsmethode \u00fcberwiesen. Bitte beachten Sie, dass es einige Zeit dauern kann, bis Ihre Bank oder Ihr Kreditkartenunternehmen die Erstattung bearbeitet und verbucht hat.<\/p><p>Wenn mehr als 15 Arbeitstage vergangen sind, seit Ihre R\u00fccksendung genehmigt wurde, kontaktieren Sie uns bitte unter <a rel=\"noopener\">service@gotimebox.com<\/a>.<\/p>\t\t\t\t\t\t\t\t<\/div>\n\t\t\t\t<\/div>\n\t\t\t\t\t<\/div>\n\t\t\t\t<\/div>\n\t\t\t\t<\/div>","protected":false},"excerpt":{"rendered":"<p>Return, Refund, and Exchange Policy At GoTimeBox, we offer a 30-day return policy, allowing you to request a return within [&hellip;]<\/p>","protected":false},"author":1,"featured_media":0,"parent":0,"menu_order":0,"comment_status":"closed","ping_status":"closed","template":"","meta":{"site-sidebar-layout":"no-sidebar","site-content-layout":"","ast-site-content-layout":"full-width-container","site-content-style":"default","site-sidebar-style":"default","ast-global-header-display":"","ast-banner-title-visibility":"","ast-main-header-display":"","ast-hfb-above-header-display":"","ast-hfb-below-header-display":"","ast-hfb-mobile-header-display":"","site-post-title":"disabled","ast-breadcrumbs-content":"","ast-featured-img":"disabled","footer-sml-layout":"","theme-transparent-header-meta":"","adv-header-id-meta":"","stick-header-meta":"","header-above-stick-meta":"","header-main-stick-meta":"","header-below-stick-meta":"","astra-migrate-meta-layouts":"default","ast-page-background-enabled":"default","ast-page-background-meta":{"desktop":{"background-color":"var(--ast-global-color-4)","background-image":"","background-repeat":"repeat","background-position":"center center","background-size":"auto","background-attachment":"scroll","background-type":"","background-media":"","overlay-type":"","overlay-color":"","overlay-opacity":"","overlay-gradient":""},"tablet":{"background-color":"","background-image":"","background-repeat":"repeat","background-position":"center center","background-size":"auto","background-attachment":"scroll","background-type":"","background-media":"","overlay-type":"","overlay-color":"","overlay-opacity":"","overlay-gradient":""},"mobile":{"background-color":"","background-image":"","background-repeat":"repeat","background-position":"center center","background-size":"auto","background-attachment":"scroll","background-type":"","background-media":"","overlay-type":"","overlay-color":"","overlay-opacity":"","overlay-gradient":""}},"ast-content-background-meta":{"desktop":{"background-color":"var(--ast-global-color-5)","background-image":"","background-repeat":"repeat","background-position":"center center","background-size":"auto","background-attachment":"scroll","background-type":"","background-media":"","overlay-type":"","overlay-color":"","overlay-opacity":"","overlay-gradient":""},"tablet":{"background-color":"var(--ast-global-color-5)","background-image":"","background-repeat":"repeat","background-position":"center center","background-size":"auto","background-attachment":"scroll","background-type":"","background-media":"","overlay-type":"","overlay-color":"","overlay-opacity":"","overlay-gradient":""},"mobile":{"background-color":"var(--ast-global-color-5)","background-image":"","background-repeat":"repeat","background-position":"center center","background-size":"auto","background-attachment":"scroll","background-type":"","background-media":"","overlay-type":"","overlay-color":"","overlay-opacity":"","overlay-gradient":""}},"footnotes":""},"class_list":["post-629","page","type-page","status-publish","hentry"],"_links":{"self":[{"href":"https:\/\/gotimebox.com\/de\/wp-json\/wp\/v2\/pages\/629","targetHints":{"allow":["GET"]}}],"collection":[{"href":"https:\/\/gotimebox.com\/de\/wp-json\/wp\/v2\/pages"}],"about":[{"href":"https:\/\/gotimebox.com\/de\/wp-json\/wp\/v2\/types\/page"}],"author":[{"embeddable":true,"href":"https:\/\/gotimebox.com\/de\/wp-json\/wp\/v2\/users\/1"}],"replies":[{"embeddable":true,"href":"https:\/\/gotimebox.com\/de\/wp-json\/wp\/v2\/comments?post=629"}],"version-history":[{"count":0,"href":"https:\/\/gotimebox.com\/de\/wp-json\/wp\/v2\/pages\/629\/revisions"}],"wp:attachment":[{"href":"https:\/\/gotimebox.com\/de\/wp-json\/wp\/v2\/media?parent=629"}],"curies":[{"name":"wp","href":"https:\/\/api.w.org\/{rel}","templated":true}]}}