{"id":634,"date":"2024-10-27T11:54:37","date_gmt":"2024-10-27T11:54:37","guid":{"rendered":"https:\/\/gotimebox.com\/?page_id=634"},"modified":"2024-10-27T11:55:47","modified_gmt":"2024-10-27T11:55:47","slug":"shipping","status":"publish","type":"page","link":"https:\/\/gotimebox.com\/de\/shipping\/","title":{"rendered":"Versand"},"content":{"rendered":"<div data-elementor-type=\"wp-page\" data-elementor-id=\"634\" class=\"elementor elementor-634\" data-elementor-post-type=\"page\">\n\t\t\t\t<div class=\"elementor-element elementor-element-41c6bb5 e-flex e-con-boxed e-con e-parent\" data-id=\"41c6bb5\" data-element_type=\"container\">\n\t\t\t\t\t<div class=\"e-con-inner\">\n\t\t\t\t<div class=\"elementor-element elementor-element-35a89ba elementor-widget elementor-widget-heading\" data-id=\"35a89ba\" data-element_type=\"widget\" data-widget_type=\"heading.default\">\n\t\t\t\t<div class=\"elementor-widget-container\">\n\t\t\t\t\t<h2 class=\"elementor-heading-title elementor-size-default\">Versandpolitik<\/h2>\t\t\t\t<\/div>\n\t\t\t\t<\/div>\n\t\t\t\t<div class=\"elementor-element elementor-element-a953cbb elementor-widget elementor-widget-text-editor\" data-id=\"a953cbb\" data-element_type=\"widget\" data-widget_type=\"text-editor.default\">\n\t\t\t\t<div class=\"elementor-widget-container\">\n\t\t\t\t\t\t\t\t\t<h4>Bearbeitungszeit der Bestellung<\/h4><p>Alle auf unserer Website aufgegebenen Bestellungen werden innerhalb von 72 Stunden bearbeitet und versandt (au\u00dfer an Wochenenden und Feiertagen). Wenn Sie eine Bestellung an Wochenenden oder Feiertagen aufgeben, wird sie am n\u00e4chsten Werktag bearbeitet. Sobald Ihre Bestellung bearbeitet wird, erhalten Sie eine Benachrichtigung mit der Tracking-Nummer, um Ihre Sendung zu verfolgen.<\/p><h4>Free Shipping<\/h4><p>Wir bieten kostenlosen Versand f\u00fcr Bestellungen \u00fcber $39. Bei Bestellungen unter diesem Betrag wird eine Standard-Versandgeb\u00fchr erhoben.<\/p><h4>Lieferzeiten<\/h4><p>Die voraussichtlichen Lieferzeiten f\u00fcr ausgew\u00e4hlte Regionen sind wie folgt:<\/p><ul><li><strong>Europa:<\/strong> Voraussichtliche Lieferung innerhalb von 9 Werktagen.<\/li><li><strong>Nord-Amerika:<\/strong> Voraussichtliche Lieferung innerhalb von 7 Werktagen.<\/li><\/ul><p>Bitte beachten Sie, dass es sich um gesch\u00e4tzte Lieferzeiten handelt, die aufgrund von Faktoren wie Zollabfertigung, Wetterbedingungen oder anderen unvorhersehbaren Umst\u00e4nden variieren k\u00f6nnen. Alle aufgef\u00fchrten Daten basieren auf Bestellungen, die vor 12:00 Uhr aufgegeben werden, um einen Versand am selben Tag zu erm\u00f6glichen.<\/p><h4>Steuern, Mehrwertsteuer und Einfuhrabgaben<\/h4><p>Die Versandtarife auf unserer Website enthalten keine lokalen Steuern, Mehrwertsteuer, Einfuhrz\u00f6lle oder andere Kosten f\u00fcr die Versandabfertigung. Wir arbeiten mit Spediteuren zusammen, die in der Regel sowohl die Import- als auch die Exportverzollung abwickeln, was bedeutet, dass Sie in den meisten F\u00e4llen keine zus\u00e4tzlichen Steuern oder Geb\u00fchren bei Erhalt Ihrer Bestellung zahlen m\u00fcssen. Wir k\u00f6nnen jedoch nicht garantieren, dass die Zollbeh\u00f6rden in Ihrem Land keine Steuern oder Geb\u00fchren erheben. Alle zus\u00e4tzlichen Geb\u00fchren, die vom Zoll verlangt werden, liegen in der Verantwortung des Kunden.<\/p><h4>Versicherung<\/h4><p>GoTimeBox bietet Versicherungsschutz f\u00fcr jede Sendung. Bitte beachten Sie, dass Sie m\u00f6glicherweise bei der Lieferung f\u00fcr Ihr Paket unterschreiben m\u00fcssen.<\/p><h4>Abgelehnte Sendungen<\/h4><p>Verweigerte oder nicht erhaltene Pakete aufgrund falscher Adressen, der Weigerung, Einfuhrz\u00f6lle zu zahlen, oder unzustellbarer Adressen werden erstattet, sobald sie an unser Lager zur\u00fcckgeschickt wurden. Die R\u00fcckerstattung erfolgt abz\u00fcglich der Kosten f\u00fcr den Versand in das und aus dem Bestimmungsland sowie der anfallenden Z\u00f6lle und Steuern.<\/p><h4>Lieferbeschr\u00e4nkungen<\/h4><p>Wir bieten kostenlosen Versand f\u00fcr Bestellungen \u00fcber $39. Wir versenden jedoch nicht an APO\/FPO oder PO BOX Adressen. Eine g\u00fcltige physische Adresse ist erforderlich, um Ihre Bestellung zu bearbeiten.<\/p><h4>Versand- und Lieferprobleme<\/h4><p>Sollte Ihre Sendung verloren gehen oder besch\u00e4digt werden, benachrichtigen Sie GoTimeBox bitte innerhalb von 10 Werktagen, damit wir eine Nachforschung beim Spediteur einleiten k\u00f6nnen. Sobald der Spediteur seine Untersuchung abgeschlossen hat, werden wir je nach Situation einen Ersatz oder eine R\u00fcckerstattung ausstellen. Wenn der Artikel nicht mehr verf\u00fcgbar ist, wird eine R\u00fcckerstattung vorgenommen. Bei fehlerhaften Artikeln kontaktieren Sie uns bitte innerhalb von 5 Tagen nach der Lieferung, um das Problem zu beheben.<\/p>\t\t\t\t\t\t\t\t<\/div>\n\t\t\t\t<\/div>\n\t\t\t\t\t<\/div>\n\t\t\t\t<\/div>\n\t\t\t\t<\/div>","protected":false},"excerpt":{"rendered":"<p>Shipping Policy Order Processing Time All orders placed on our website are processed and shipped within 72 hours (excluding weekends [&hellip;]<\/p>","protected":false},"author":1,"featured_media":0,"parent":0,"menu_order":0,"comment_status":"closed","ping_status":"closed","template":"","meta":{"site-sidebar-layout":"no-sidebar","site-content-layout":"","ast-site-content-layout":"full-width-container","site-content-style":"default","site-sidebar-style":"default","ast-global-header-display":"","ast-banner-title-visibility":"","ast-main-header-display":"","ast-hfb-above-header-display":"","ast-hfb-below-header-display":"","ast-hfb-mobile-header-display":"","site-post-title":"disabled","ast-breadcrumbs-content":"","ast-featured-img":"disabled","footer-sml-layout":"","theme-transparent-header-meta":"","adv-header-id-meta":"","stick-header-meta":"","header-above-stick-meta":"","header-main-stick-meta":"","header-below-stick-meta":"","astra-migrate-meta-layouts":"default","ast-page-background-enabled":"default","ast-page-background-meta":{"desktop":{"background-color":"var(--ast-global-color-4)","background-image":"","background-repeat":"repeat","background-position":"center center","background-size":"auto","background-attachment":"scroll","background-type":"","background-media":"","overlay-type":"","overlay-color":"","overlay-opacity":"","overlay-gradient":""},"tablet":{"background-color":"","background-image":"","background-repeat":"repeat","background-position":"center center","background-size":"auto","background-attachment":"scroll","background-type":"","background-media":"","overlay-type":"","overlay-color":"","overlay-opacity":"","overlay-gradient":""},"mobile":{"background-color":"","background-image":"","background-repeat":"repeat","background-position":"center center","background-size":"auto","background-attachment":"scroll","background-type":"","background-media":"","overlay-type":"","overlay-color":"","overlay-opacity":"","overlay-gradient":""}},"ast-content-background-meta":{"desktop":{"background-color":"var(--ast-global-color-5)","background-image":"","background-repeat":"repeat","background-position":"center center","background-size":"auto","background-attachment":"scroll","background-type":"","background-media":"","overlay-type":"","overlay-color":"","overlay-opacity":"","overlay-gradient":""},"tablet":{"background-color":"var(--ast-global-color-5)","background-image":"","background-repeat":"repeat","background-position":"center center","background-size":"auto","background-attachment":"scroll","background-type":"","background-media":"","overlay-type":"","overlay-color":"","overlay-opacity":"","overlay-gradient":""},"mobile":{"background-color":"var(--ast-global-color-5)","background-image":"","background-repeat":"repeat","background-position":"center center","background-size":"auto","background-attachment":"scroll","background-type":"","background-media":"","overlay-type":"","overlay-color":"","overlay-opacity":"","overlay-gradient":""}},"footnotes":""},"class_list":["post-634","page","type-page","status-publish","hentry"],"_links":{"self":[{"href":"https:\/\/gotimebox.com\/de\/wp-json\/wp\/v2\/pages\/634","targetHints":{"allow":["GET"]}}],"collection":[{"href":"https:\/\/gotimebox.com\/de\/wp-json\/wp\/v2\/pages"}],"about":[{"href":"https:\/\/gotimebox.com\/de\/wp-json\/wp\/v2\/types\/page"}],"author":[{"embeddable":true,"href":"https:\/\/gotimebox.com\/de\/wp-json\/wp\/v2\/users\/1"}],"replies":[{"embeddable":true,"href":"https:\/\/gotimebox.com\/de\/wp-json\/wp\/v2\/comments?post=634"}],"version-history":[{"count":0,"href":"https:\/\/gotimebox.com\/de\/wp-json\/wp\/v2\/pages\/634\/revisions"}],"wp:attachment":[{"href":"https:\/\/gotimebox.com\/de\/wp-json\/wp\/v2\/media?parent=634"}],"curies":[{"name":"wp","href":"https:\/\/api.w.org\/{rel}","templated":true}]}}