{"id":37,"date":"2024-06-06T18:47:15","date_gmt":"2024-06-06T18:47:15","guid":{"rendered":"https:\/\/gotimebox.com\/?page_id=37"},"modified":"2025-05-19T08:55:59","modified_gmt":"2025-05-19T00:55:59","slug":"term-of-service","status":"publish","type":"page","link":"https:\/\/gotimebox.com\/es\/term-of-service\/","title":{"rendered":"Term of service"},"content":{"rendered":"<div data-elementor-type=\"wp-page\" data-elementor-id=\"37\" class=\"elementor elementor-37\" data-elementor-post-type=\"page\">\n\t\t\t\t<div class=\"elementor-element elementor-element-b2a8546 e-flex e-con-boxed e-con e-parent\" data-id=\"b2a8546\" data-element_type=\"container\">\n\t\t\t\t\t<div class=\"e-con-inner\">\n\t\t\t\t<div class=\"elementor-element elementor-element-abd7969 elementor-widget elementor-widget-heading\" data-id=\"abd7969\" data-element_type=\"widget\" data-widget_type=\"heading.default\">\n\t\t\t\t<div class=\"elementor-widget-container\">\n\t\t\t\t\t<h2 class=\"elementor-heading-title elementor-size-default\">Condiciones de uso<\/h2>\t\t\t\t<\/div>\n\t\t\t\t<\/div>\n\t\t\t\t<div class=\"elementor-element elementor-element-6b48ece elementor-widget elementor-widget-text-editor\" data-id=\"6b48ece\" data-element_type=\"widget\" data-widget_type=\"text-editor.default\">\n\t\t\t\t<div class=\"elementor-widget-container\">\n\t\t\t\t\t\t\t\t\t<p data-start=\"138\" data-end=\"162\"><strong data-start=\"138\" data-end=\"162\">Bienvenido a GoTimeBox<\/strong><\/p><p data-start=\"138\" data-end=\"162\">Las presentes Condiciones de servicio (\"Condiciones\") regulan el acceso y uso de nuestro sitio web en <a class=\"\" href=\"https:\/\/gotimebox.com\/es\/\" target=\"_new\" rel=\"noopener\" data-start=\"245\" data-end=\"283\">GoTimeBox.com<\/a> (el \"Sitio\") y los servicios prestados por GoTimeBox (\"nosotros\", \"nos\" o \"nuestro\"). Al utilizar este Sitio, usted acepta quedar vinculado por estas Condiciones. Si no est\u00e1 de acuerdo, le rogamos que no utilice el Sitio.<\/p><hr data-start=\"468\" data-end=\"471\" \/><h3 data-start=\"473\" data-end=\"500\">1. 1. Condiciones generales<\/h3><p data-start=\"501\" data-end=\"743\">Nos reservamos el derecho a denegar el servicio a cualquier persona en cualquier momento y por cualquier motivo. Usted entiende que su contenido (excluyendo la informaci\u00f3n de la tarjeta de cr\u00e9dito) puede ser transferido sin cifrar a trav\u00e9s de diversas redes y adaptado para cumplir con los requisitos t\u00e9cnicos.<\/p><hr data-start=\"745\" data-end=\"748\" \/><h3 data-start=\"750\" data-end=\"782\">2. Exactitud de la informaci\u00f3n<\/h3><p data-start=\"783\" data-end=\"1018\">No garantizamos que toda la informaci\u00f3n contenida en este Sitio sea exacta, completa o actual. El contenido es s\u00f3lo para referencia general y no debe ser la \u00fanica base para tomar decisiones. La confianza depositada en este material corre por su cuenta y riesgo.<\/p><hr data-start=\"1020\" data-end=\"1023\" \/><h3 data-start=\"1025\" data-end=\"1070\">3. Modificaciones de servicios y precios<\/h3><p data-start=\"1071\" data-end=\"1242\">Nos reservamos el derecho a modificar los precios de los productos o a interrumpir los servicios en cualquier momento y sin previo aviso. No nos hacemos responsables de dichos cambios, suspensiones o interrupciones.<\/p><hr data-start=\"1244\" data-end=\"1247\" \/><h3 data-start=\"1249\" data-end=\"1283\">4. Productos y disponibilidad<\/h3><p data-start=\"1284\" data-end=\"1600\">Algunos productos o servicios pueden estar disponibles exclusivamente en l\u00ednea y pueden tener cantidades limitadas. Est\u00e1n sujetos a devoluci\u00f3n o cambio de acuerdo con nuestra Pol\u00edtica de Devoluciones. Nos esforzamos por mostrar las im\u00e1genes y los colores de los productos con la mayor precisi\u00f3n posible, pero no podemos garantizar que su pantalla los muestre con exactitud.<\/p><hr data-start=\"1602\" data-end=\"1605\" \/><h3 data-start=\"1607\" data-end=\"1646\">5. Informaci\u00f3n sobre pedidos y cuentas<\/h3><p data-start=\"1647\" data-end=\"1936\">Nos reservamos el derecho a rechazar o cancelar cualquier pedido. Podemos limitar las compras por persona, hogar o pedido, incluidos los pedidos que utilicen la misma cuenta, tarjeta de cr\u00e9dito, facturaci\u00f3n o direcci\u00f3n de env\u00edo. Si se realizan cambios en su pedido, podemos ponernos en contacto con usted utilizando la informaci\u00f3n proporcionada al realizar el pago.<\/p><p data-start=\"1938\" data-end=\"2123\">Usted se compromete a proporcionar informaci\u00f3n de compra y de cuenta actual, completa y precisa. Usted es responsable de mantener actualizados sus datos, incluidos el correo electr\u00f3nico y la informaci\u00f3n de pago.<\/p><hr data-start=\"2125\" data-end=\"2128\" \/><h3 data-start=\"2130\" data-end=\"2156\">6. Enlaces de terceros<\/h3><p data-start=\"2157\" data-end=\"2399\">Este Sitio puede incluir enlaces a sitios web o servicios de terceros no afiliados a nosotros. No somos responsables de examinar o evaluar su contenido o exactitud y no asumimos responsabilidad alguna por materiales, sitios web o servicios de terceros.<\/p><hr data-start=\"2401\" data-end=\"2404\" \/><h3 data-start=\"2406\" data-end=\"2444\">7. Comentarios y propuestas de los usuarios<\/h3><p data-start=\"2445\" data-end=\"2726\">Si nos env\u00eda ideas creativas, sugerencias, propuestas u otros materiales -sean solicitados o no-, acepta que podamos utilizarlos, editarlos, copiarlos, publicarlos o distribuirlos sin restricci\u00f3n ni compensaci\u00f3n alguna. No estamos obligados a mantener la confidencialidad de los env\u00edos ni a responder a ellos.<\/p><hr data-start=\"2728\" data-end=\"2731\" \/><h3 data-start=\"2733\" data-end=\"2762\">8. Informaci\u00f3n personal<\/h3><p data-start=\"2763\" data-end=\"2877\">El env\u00edo de informaci\u00f3n personal se rige por nuestra <a class=\"cursor-pointer\" target=\"_new\" rel=\"noopener\" data-start=\"2822\" data-end=\"2876\">Pol\u00edtica de privacidad<\/a>.<\/p><hr data-start=\"2879\" data-end=\"2882\" \/><h3 data-start=\"2884\" data-end=\"2913\">9. 9. Errores y omisiones<\/h3><p data-start=\"2914\" data-end=\"3148\">Ocasionalmente podemos tener errores tipogr\u00e1ficos o inexactitudes relacionadas con descripciones de productos, precios, disponibilidad o detalles de env\u00edo. Nos reservamos el derecho de corregir cualquier error y cancelar pedidos si es necesario sin previo aviso.<\/p><hr data-start=\"3150\" data-end=\"3153\" \/><h3 data-start=\"3155\" data-end=\"3180\">10. Usos prohibidos<\/h3><p data-start=\"3181\" data-end=\"3237\">Se le proh\u00edbe utilizar el Sitio o su contenido:<\/p><ul data-start=\"3238\" data-end=\"3501\"><li data-start=\"3238\" data-end=\"3263\"><p data-start=\"3240\" data-end=\"3263\">con fines il\u00edcitos<\/p><\/li><li data-start=\"3264\" data-end=\"3298\"><p data-start=\"3266\" data-end=\"3298\">infringir leyes o reglamentos<\/p><\/li><li data-start=\"3299\" data-end=\"3343\"><p data-start=\"3301\" data-end=\"3343\">infringir los derechos de propiedad intelectual<\/p><\/li><li data-start=\"3344\" data-end=\"3382\"><p data-start=\"3346\" data-end=\"3382\">acosar, difamar o discriminar<\/p><\/li><li data-start=\"3383\" data-end=\"3422\"><p data-start=\"3385\" data-end=\"3422\">difundir malware o c\u00f3digo malicioso<\/p><\/li><li data-start=\"3423\" data-end=\"3467\"><p data-start=\"3425\" data-end=\"3467\">recoger datos personales sin consentimiento<\/p><\/li><li data-start=\"3468\" data-end=\"3501\"><p data-start=\"3470\" data-end=\"3501\">interferir en la seguridad del sitio<\/p><\/li><\/ul><p data-start=\"3503\" data-end=\"3569\">El incumplimiento de estas normas puede dar lugar a la cancelaci\u00f3n de su acceso.<\/p><hr data-start=\"3571\" data-end=\"3574\" \/><h3 data-start=\"3576\" data-end=\"3610\">11. Renuncia de garant\u00edas<\/h3><p data-start=\"3611\" data-end=\"3819\">No garantizamos que el uso del Sitio sea ininterrumpido, seguro o libre de errores. Todos los servicios y productos se proporcionan \"tal cual\" y \"seg\u00fan disponibilidad\", sin garant\u00edas de ning\u00fan tipo, expresas o impl\u00edcitas.<\/p><p data-start=\"3821\" data-end=\"4004\">No nos hacemos responsables de ning\u00fan da\u00f1o directo, indirecto, incidental o consecuente -incluida la p\u00e9rdida de beneficios o datos- derivado del uso que usted haga del Sitio o de cualquier producto adquirido a trav\u00e9s de \u00e9l.<\/p><hr data-start=\"4006\" data-end=\"4009\" \/><h3 data-start=\"4011\" data-end=\"4036\">12. Indemnizaci\u00f3n<\/h3><p data-start=\"4037\" data-end=\"4241\">Usted se compromete a indemnizar y mantener indemne a GoTimeBox y sus afiliados, empleados y agentes de cualquier reclamaci\u00f3n o demanda que surja de su incumplimiento de estos T\u00e9rminos o violaci\u00f3n de cualquier ley o derechos de terceros.<\/p><hr data-start=\"4243\" data-end=\"4246\" \/><h3 data-start=\"4248\" data-end=\"4270\">13. Divisibilidad<\/h3><p data-start=\"4271\" data-end=\"4381\">Si alguna disposici\u00f3n de estas Condiciones se considera ilegal o inaplicable, el resto permanecer\u00e1 en pleno vigor.<\/p><hr data-start=\"4383\" data-end=\"4386\" \/><h3 data-start=\"4388\" data-end=\"4409\">14. Terminaci\u00f3n<\/h3><p data-start=\"4410\" data-end=\"4590\">Estas Condiciones permanecer\u00e1n en vigor a menos que sean rescindidas por cualquiera de las partes. Usted puede rescindirlas dejando de utilizar el Sitio. Podemos terminar o suspender el acceso en cualquier momento si usted incumple cualquier t\u00e9rmino.<\/p><hr data-start=\"4592\" data-end=\"4595\" \/><h3 data-start=\"4597\" data-end=\"4623\">15. 15. Acuerdo completo<\/h3><p data-start=\"4624\" data-end=\"4766\">Estas Condiciones, junto con nuestras pol\u00edticas publicadas, constituyen el acuerdo completo entre usted y GoTimeBox y sustituyen a todas las comunicaciones anteriores.<\/p><hr data-start=\"4768\" data-end=\"4771\" \/><h3 data-start=\"4773\" data-end=\"4796\">16. Derecho aplicable<\/h3><p data-start=\"4797\" data-end=\"4961\">Las presentes Condiciones se regir\u00e1n e interpretar\u00e1n con arreglo a la legislaci\u00f3n del Reino Unido. <strong data-start=\"4863\" data-end=\"4914\">Regi\u00f3n Administrativa Especial de Hong Kong (RAEHK)<\/strong>sin tener en cuenta los principios de conflicto de leyes.<\/p><hr data-start=\"4963\" data-end=\"4966\" \/><h3 data-start=\"4968\" data-end=\"4994\">17. Cambios en las condiciones<\/h3><p data-start=\"4995\" data-end=\"5183\">Nos reservamos el derecho a actualizar estas Condiciones en cualquier momento. La versi\u00f3n m\u00e1s actualizada estar\u00e1 siempre disponible en esta p\u00e1gina. El uso continuado del Sitio despu\u00e9s de los cambios constituye su aceptaci\u00f3n.<\/p><hr data-start=\"5185\" data-end=\"5188\" \/><p data-start=\"5190\" data-end=\"5297\"><strong data-start=\"5190\" data-end=\"5201\">Contact<\/strong><br data-start=\"5201\" data-end=\"5204\" \/>Si tiene alguna pregunta sobre estas Condiciones, p\u00f3ngase en contacto con nosotros en:<br data-start=\"5270\" data-end=\"5273\" \/>\ud83d\udce7 <a class=\"cursor-pointer\" rel=\"noopener\" data-start=\"5276\" data-end=\"5297\">service@gotimebox.com<\/a><\/p>\t\t\t\t\t\t\t\t<\/div>\n\t\t\t\t<\/div>\n\t\t\t\t\t<\/div>\n\t\t\t\t<\/div>\n\t\t\t\t<\/div>","protected":false},"excerpt":{"rendered":"<p>Terms of Service Welcome to GoTimeBox These Terms of Service (\u201cTerms\u201d) govern your access to and use of our website [&hellip;]<\/p>","protected":false},"author":1,"featured_media":0,"parent":0,"menu_order":0,"comment_status":"closed","ping_status":"closed","template":"","meta":{"site-sidebar-layout":"no-sidebar","site-content-layout":"","ast-site-content-layout":"full-width-container","site-content-style":"default","site-sidebar-style":"default","ast-global-header-display":"","ast-banner-title-visibility":"","ast-main-header-display":"","ast-hfb-above-header-display":"","ast-hfb-below-header-display":"","ast-hfb-mobile-header-display":"","site-post-title":"disabled","ast-breadcrumbs-content":"","ast-featured-img":"disabled","footer-sml-layout":"","theme-transparent-header-meta":"","adv-header-id-meta":"","stick-header-meta":"","header-above-stick-meta":"","header-main-stick-meta":"","header-below-stick-meta":"","astra-migrate-meta-layouts":"default","ast-page-background-enabled":"default","ast-page-background-meta":{"desktop":{"background-color":"var(--ast-global-color-4)","background-image":"","background-repeat":"repeat","background-position":"center center","background-size":"auto","background-attachment":"scroll","background-type":"","background-media":"","overlay-type":"","overlay-color":"","overlay-opacity":"","overlay-gradient":""},"tablet":{"background-color":"","background-image":"","background-repeat":"repeat","background-position":"center center","background-size":"auto","background-attachment":"scroll","background-type":"","background-media":"","overlay-type":"","overlay-color":"","overlay-opacity":"","overlay-gradient":""},"mobile":{"background-color":"","background-image":"","background-repeat":"repeat","background-position":"center center","background-size":"auto","background-attachment":"scroll","background-type":"","background-media":"","overlay-type":"","overlay-color":"","overlay-opacity":"","overlay-gradient":""}},"ast-content-background-meta":{"desktop":{"background-color":"var(--ast-global-color-5)","background-image":"","background-repeat":"repeat","background-position":"center center","background-size":"auto","background-attachment":"scroll","background-type":"","background-media":"","overlay-type":"","overlay-color":"","overlay-opacity":"","overlay-gradient":""},"tablet":{"background-color":"var(--ast-global-color-5)","background-image":"","background-repeat":"repeat","background-position":"center center","background-size":"auto","background-attachment":"scroll","background-type":"","background-media":"","overlay-type":"","overlay-color":"","overlay-opacity":"","overlay-gradient":""},"mobile":{"background-color":"var(--ast-global-color-5)","background-image":"","background-repeat":"repeat","background-position":"center center","background-size":"auto","background-attachment":"scroll","background-type":"","background-media":"","overlay-type":"","overlay-color":"","overlay-opacity":"","overlay-gradient":""}},"footnotes":""},"class_list":["post-37","page","type-page","status-publish","hentry"],"_links":{"self":[{"href":"https:\/\/gotimebox.com\/es\/wp-json\/wp\/v2\/pages\/37","targetHints":{"allow":["GET"]}}],"collection":[{"href":"https:\/\/gotimebox.com\/es\/wp-json\/wp\/v2\/pages"}],"about":[{"href":"https:\/\/gotimebox.com\/es\/wp-json\/wp\/v2\/types\/page"}],"author":[{"embeddable":true,"href":"https:\/\/gotimebox.com\/es\/wp-json\/wp\/v2\/users\/1"}],"replies":[{"embeddable":true,"href":"https:\/\/gotimebox.com\/es\/wp-json\/wp\/v2\/comments?post=37"}],"version-history":[{"count":0,"href":"https:\/\/gotimebox.com\/es\/wp-json\/wp\/v2\/pages\/37\/revisions"}],"wp:attachment":[{"href":"https:\/\/gotimebox.com\/es\/wp-json\/wp\/v2\/media?parent=37"}],"curies":[{"name":"wp","href":"https:\/\/api.w.org\/{rel}","templated":true}]}}