{"id":629,"date":"2024-10-27T11:37:35","date_gmt":"2024-10-27T11:37:35","guid":{"rendered":"https:\/\/gotimebox.com\/?page_id=629"},"modified":"2024-10-27T11:38:29","modified_gmt":"2024-10-27T11:38:29","slug":"returns","status":"publish","type":"page","link":"https:\/\/gotimebox.com\/es\/returns\/","title":{"rendered":"Devuelve"},"content":{"rendered":"<div data-elementor-type=\"wp-page\" data-elementor-id=\"629\" class=\"elementor elementor-629\" data-elementor-post-type=\"page\">\n\t\t\t\t<div class=\"elementor-element elementor-element-32a4c66 e-flex e-con-boxed e-con e-parent\" data-id=\"32a4c66\" data-element_type=\"container\">\n\t\t\t\t\t<div class=\"e-con-inner\">\n\t\t\t\t<div class=\"elementor-element elementor-element-fb2c2c4 elementor-widget elementor-widget-heading\" data-id=\"fb2c2c4\" data-element_type=\"widget\" data-widget_type=\"heading.default\">\n\t\t\t\t<div class=\"elementor-widget-container\">\n\t\t\t\t\t<h2 class=\"elementor-heading-title elementor-size-default\">Pol\u00edtica de devoluciones, reembolsos y cambios<\/h2>\t\t\t\t<\/div>\n\t\t\t\t<\/div>\n\t\t\t\t<div class=\"elementor-element elementor-element-a1f9b8d elementor-widget elementor-widget-text-editor\" data-id=\"a1f9b8d\" data-element_type=\"widget\" data-widget_type=\"text-editor.default\">\n\t\t\t\t<div class=\"elementor-widget-container\">\n\t\t\t\t\t\t\t\t\t<p>En GoTimeBox, ofrecemos una pol\u00edtica de devoluci\u00f3n de 30 d\u00edas, lo que le permite solicitar una devoluci\u00f3n dentro de los 30 d\u00edas siguientes a la recepci\u00f3n de su art\u00edculo.<\/p><h4>Requisitos para las devoluciones<\/h4><p>Para poder realizar una devoluci\u00f3n, el art\u00edculo debe estar en las mismas condiciones en las que lo recibi\u00f3: sin usar, sin utilizar, con las etiquetas y en su embalaje original. Est\u00e1 permitido probarse art\u00edculos como relojes, anillos o pulseras para comprobar su ajuste, siempre que el producto no est\u00e9 da\u00f1ado y pueda revenderse. Tambi\u00e9n deber\u00e1 presentar el recibo o justificante de compra.<\/p><p>Para iniciar una devoluci\u00f3n, p\u00f3ngase en contacto con nosotros en <a rel=\"noopener\">service@gotimebox.com<\/a>.<\/p><p>Una vez aprobada su devoluci\u00f3n, le enviaremos instrucciones detalladas sobre c\u00f3mo y d\u00f3nde enviar su paquete. No se aceptar\u00e1n art\u00edculos devueltos sin aprobaci\u00f3n previa.<\/p><p>Para cualquier pregunta sobre devoluciones, no dude en ponerse en contacto con nosotros.<\/p><h4>Da\u00f1os y perjuicios<\/h4><p>Por favor, inspeccione su pedido en cuanto lo reciba y p\u00f3ngase en contacto con nosotros inmediatamente si el art\u00edculo est\u00e1 defectuoso, da\u00f1ado o si ha recibido un art\u00edculo equivocado. Evaluaremos el problema y lo resolveremos lo antes posible.<\/p><h4>Excepciones \/ Art\u00edculos no retornables<\/h4><p>Ciertos art\u00edculos no pueden devolverse, incluidos los productos a medida (como pedidos especiales o art\u00edculos personalizados). Si tiene preguntas sobre un art\u00edculo concreto, p\u00f3ngase en contacto con nosotros.<\/p><h4>Intercambios<\/h4><p>Si necesita cambiar un art\u00edculo, lo m\u00e1s sencillo es devolver el art\u00edculo original y realizar un nuevo pedido una vez aprobada la devoluci\u00f3n. Como alternativa, podemos facilitar un cambio directo en funci\u00f3n de la disponibilidad.<\/p><h4>Reembolsos<\/h4><p>Una vez que hayamos recibido e inspeccionado su devoluci\u00f3n, le notificaremos la aprobaci\u00f3n del reembolso. Si se aprueba, el reembolso se emitir\u00e1 autom\u00e1ticamente a su m\u00e9todo de pago original en un plazo de 10 d\u00edas laborables. Tenga en cuenta que su banco o compa\u00f1\u00eda de tarjeta de cr\u00e9dito puede tardar alg\u00fan tiempo en procesar y contabilizar el reembolso.<\/p><p>Si han transcurrido m\u00e1s de 15 d\u00edas h\u00e1biles desde que se aprob\u00f3 su devoluci\u00f3n, p\u00f3ngase en contacto con nosotros en <a rel=\"noopener\">service@gotimebox.com<\/a>.<\/p>\t\t\t\t\t\t\t\t<\/div>\n\t\t\t\t<\/div>\n\t\t\t\t\t<\/div>\n\t\t\t\t<\/div>\n\t\t\t\t<\/div>","protected":false},"excerpt":{"rendered":"<p>Return, Refund, and Exchange Policy At GoTimeBox, we offer a 30-day return policy, allowing you to request a return within [&hellip;]<\/p>","protected":false},"author":1,"featured_media":0,"parent":0,"menu_order":0,"comment_status":"closed","ping_status":"closed","template":"","meta":{"site-sidebar-layout":"no-sidebar","site-content-layout":"","ast-site-content-layout":"full-width-container","site-content-style":"default","site-sidebar-style":"default","ast-global-header-display":"","ast-banner-title-visibility":"","ast-main-header-display":"","ast-hfb-above-header-display":"","ast-hfb-below-header-display":"","ast-hfb-mobile-header-display":"","site-post-title":"disabled","ast-breadcrumbs-content":"","ast-featured-img":"disabled","footer-sml-layout":"","theme-transparent-header-meta":"","adv-header-id-meta":"","stick-header-meta":"","header-above-stick-meta":"","header-main-stick-meta":"","header-below-stick-meta":"","astra-migrate-meta-layouts":"default","ast-page-background-enabled":"default","ast-page-background-meta":{"desktop":{"background-color":"var(--ast-global-color-4)","background-image":"","background-repeat":"repeat","background-position":"center center","background-size":"auto","background-attachment":"scroll","background-type":"","background-media":"","overlay-type":"","overlay-color":"","overlay-opacity":"","overlay-gradient":""},"tablet":{"background-color":"","background-image":"","background-repeat":"repeat","background-position":"center center","background-size":"auto","background-attachment":"scroll","background-type":"","background-media":"","overlay-type":"","overlay-color":"","overlay-opacity":"","overlay-gradient":""},"mobile":{"background-color":"","background-image":"","background-repeat":"repeat","background-position":"center center","background-size":"auto","background-attachment":"scroll","background-type":"","background-media":"","overlay-type":"","overlay-color":"","overlay-opacity":"","overlay-gradient":""}},"ast-content-background-meta":{"desktop":{"background-color":"var(--ast-global-color-5)","background-image":"","background-repeat":"repeat","background-position":"center center","background-size":"auto","background-attachment":"scroll","background-type":"","background-media":"","overlay-type":"","overlay-color":"","overlay-opacity":"","overlay-gradient":""},"tablet":{"background-color":"var(--ast-global-color-5)","background-image":"","background-repeat":"repeat","background-position":"center center","background-size":"auto","background-attachment":"scroll","background-type":"","background-media":"","overlay-type":"","overlay-color":"","overlay-opacity":"","overlay-gradient":""},"mobile":{"background-color":"var(--ast-global-color-5)","background-image":"","background-repeat":"repeat","background-position":"center center","background-size":"auto","background-attachment":"scroll","background-type":"","background-media":"","overlay-type":"","overlay-color":"","overlay-opacity":"","overlay-gradient":""}},"footnotes":""},"class_list":["post-629","page","type-page","status-publish","hentry"],"_links":{"self":[{"href":"https:\/\/gotimebox.com\/es\/wp-json\/wp\/v2\/pages\/629","targetHints":{"allow":["GET"]}}],"collection":[{"href":"https:\/\/gotimebox.com\/es\/wp-json\/wp\/v2\/pages"}],"about":[{"href":"https:\/\/gotimebox.com\/es\/wp-json\/wp\/v2\/types\/page"}],"author":[{"embeddable":true,"href":"https:\/\/gotimebox.com\/es\/wp-json\/wp\/v2\/users\/1"}],"replies":[{"embeddable":true,"href":"https:\/\/gotimebox.com\/es\/wp-json\/wp\/v2\/comments?post=629"}],"version-history":[{"count":0,"href":"https:\/\/gotimebox.com\/es\/wp-json\/wp\/v2\/pages\/629\/revisions"}],"wp:attachment":[{"href":"https:\/\/gotimebox.com\/es\/wp-json\/wp\/v2\/media?parent=629"}],"curies":[{"name":"wp","href":"https:\/\/api.w.org\/{rel}","templated":true}]}}