{"id":31,"date":"2024-06-06T18:46:41","date_gmt":"2024-06-06T18:46:41","guid":{"rendered":"https:\/\/gotimebox.com\/?page_id=31"},"modified":"2025-05-19T09:12:45","modified_gmt":"2025-05-19T01:12:45","slug":"privacy-policy","status":"publish","type":"page","link":"https:\/\/gotimebox.com\/fr\/privacy-policy\/","title":{"rendered":"Privacy policy"},"content":{"rendered":"<div data-elementor-type=\"wp-page\" data-elementor-id=\"31\" class=\"elementor elementor-31\" data-elementor-post-type=\"page\">\n\t\t\t\t<div class=\"elementor-element elementor-element-6a6084a e-flex e-con-boxed e-con e-parent\" data-id=\"6a6084a\" data-element_type=\"container\" data-settings=\"{&quot;background_background&quot;:&quot;classic&quot;}\">\n\t\t\t\t\t<div class=\"e-con-inner\">\n\t\t\t\t<div class=\"elementor-element elementor-element-c2dd4c1 elementor-widget elementor-widget-heading\" data-id=\"c2dd4c1\" data-element_type=\"widget\" data-widget_type=\"heading.default\">\n\t\t\t\t<div class=\"elementor-widget-container\">\n\t\t\t\t\t<h2 class=\"elementor-heading-title elementor-size-default\">POLITIQUE DE CONFIDENTIALIT\u00c9<\/h2>\t\t\t\t<\/div>\n\t\t\t\t<\/div>\n\t\t\t\t<div class=\"elementor-element elementor-element-b489197 elementor-widget elementor-widget-text-editor\" data-id=\"b489197\" data-element_type=\"widget\" data-widget_type=\"text-editor.default\">\n\t\t\t\t<div class=\"elementor-widget-container\">\n\t\t\t\t\t\t\t\t\t<p data-pm-slice=\"1 1 []\">La pr\u00e9sente politique de protection de la vie priv\u00e9e s'applique aux visiteurs et aux utilisateurs des sites suivants <a href=\"https:\/\/gotimebox.com\/fr\/\">https:\/\/gotimebox.com<\/a> (\"site web\") et d\u00e9crit comment XJ Electronics (\"nous\", \"notre\" ou \"nos\") recueille, utilise, partage et prot\u00e8ge vos donn\u00e9es \u00e0 caract\u00e8re personnel. Cette politique est destin\u00e9e \u00e0 r\u00e9pondre aux exigences en mati\u00e8re de protection de la vie priv\u00e9e des utilisateurs de l'Espace \u00e9conomique europ\u00e9en (EEE), du Royaume-Uni (RU) et des \u00c9tats-Unis (US).<\/p><div><hr \/><\/div><h3>1. Introduction<\/h3><p>Nous nous engageons \u00e0 prot\u00e9ger votre vie priv\u00e9e. Lors du traitement de vos donn\u00e9es personnelles, nous nous conformons aux lois applicables en mati\u00e8re de confidentialit\u00e9, y compris le GDPR de l'UE, la loi britannique sur la protection des donn\u00e9es et les r\u00e9glementations am\u00e9ricaines pertinentes en mati\u00e8re de confidentialit\u00e9.<\/p><h3>2. Collecte et utilisation des donn\u00e9es<\/h3><p>Nous collectons et utilisons des donn\u00e9es \u00e0 caract\u00e8re personnel \u00e0 des fins l\u00e9gitimes, notamment :<\/p><ul data-spread=\"false\"><li><p>Ex\u00e9cution des commandes<\/p><\/li><li><p>Fournir une assistance \u00e0 la client\u00e8le<\/p><\/li><li><p>Traitement des paiements<\/p><\/li><li><p>Envoi de courriers \u00e9lectroniques de marketing (uniquement avec le consentement de l'int\u00e9ress\u00e9)<\/p><\/li><li><p>Am\u00e9liorer notre site web et nos services<\/p><\/li><\/ul><p>Nous ne collectons que le minimum de donn\u00e9es personnelles n\u00e9cessaires et demandons votre consentement explicite le cas \u00e9ch\u00e9ant.<\/p><h3>3. Partage avec des tiers<\/h3><p>Nous pouvons partager vos donn\u00e9es personnelles avec<\/p><ul data-spread=\"false\"><li><p>Processeurs de paiement<\/p><\/li><li><p>Partenaires logistiques et de livraison<\/p><\/li><li><p>Plates-formes de service \u00e0 la client\u00e8le<\/p><\/li><li><p>Fournisseurs de services informatiques<\/p><\/li><\/ul><p>Toutes ces parties sont contractuellement tenues de traiter vos donn\u00e9es de mani\u00e8re s\u00fbre et licite.<\/p><p>Nous pouvons \u00e9galement divulguer vos donn\u00e9es personnelles :<\/p><ul data-spread=\"false\"><li><p>Respecter les obligations l\u00e9gales<\/p><\/li><li><p>En r\u00e9ponse \u00e0 l'application de la loi ou aux autorit\u00e9s publiques<\/p><\/li><li><p>lors de transferts d'entreprises (fusion, acquisition ou vente)<\/p><\/li><\/ul><h3>4. Cookies<\/h3><p>Notre site web utilise des cookies pour am\u00e9liorer l'exp\u00e9rience des utilisateurs. Pour plus de d\u00e9tails, veuillez consulter notre <a>Politique en mati\u00e8re de cookies<\/a>.<\/p><h3>5. Vos droits<\/h3><p>Selon l'endroit o\u00f9 vous vous trouvez, vous pouvez avoir le droit de.. :<\/p><ul data-spread=\"false\"><li><p>Acc\u00e9der \u00e0 vos donn\u00e9es personnelles<\/p><\/li><li><p>Corriger ou supprimer vos donn\u00e9es<\/p><\/li><li><p>Retirer son consentement \u00e0 tout moment<\/p><\/li><li><p>Objection au traitement<\/p><\/li><li><p>Demander la portabilit\u00e9 des donn\u00e9es<\/p><\/li><li><p>D\u00e9poser une plainte aupr\u00e8s de l'autorit\u00e9 locale de protection des donn\u00e9es<\/p><\/li><\/ul><p>Nous r\u00e9pondrons aux demandes v\u00e9rifiables conform\u00e9ment aux lois applicables. Veuillez vous identifier clairement lorsque vous faites une demande.<\/p><h3>6. Ne pas suivre (utilisateurs am\u00e9ricains)<\/h3><p>Nous soutenons les param\u00e8tres de navigation \"Do Not Track\" (DNT) et les respectons dans la mesure o\u00f9 cela est techniquement possible.<\/p><h3>7. Vie priv\u00e9e des enfants<\/h3><p>Notre site web n'est pas destin\u00e9 aux enfants n'ayant pas atteint l'\u00e2ge de consentement dans leur pays de r\u00e9sidence. Nous ne collectons pas sciemment de donn\u00e9es aupr\u00e8s de mineurs.<\/p><h3>8. S\u00e9curit\u00e9<\/h3><p>Nous mettons en \u0153uvre des mesures techniques et organisationnelles pour prot\u00e9ger vos donn\u00e9es contre l'acc\u00e8s non autoris\u00e9, la perte ou l'utilisation abusive. L'acc\u00e8s est limit\u00e9 au personnel autoris\u00e9.<\/p><h3>9. Sites web de tiers<\/h3><p>Notre site web peut contenir des liens vers des sites de tiers. Nous ne sommes pas responsables de leurs pratiques en mati\u00e8re de protection de la vie priv\u00e9e et nous recommandons de lire leurs politiques de protection de la vie priv\u00e9e.<\/p><h3>10. Modifications de la pr\u00e9sente politique<\/h3><p>Nous pouvons mettre \u00e0 jour cette politique de confidentialit\u00e9. Veuillez consulter r\u00e9guli\u00e8rement cette page. Dans la mesure du possible, nous informerons les utilisateurs des changements importants.<\/p><h3>11. Nous contacter<\/h3><p>Si vous avez des questions ou des pr\u00e9occupations concernant vos donn\u00e9es \u00e0 caract\u00e8re personnel, ou si vous souhaitez exercer vos droits, veuillez nous contacter \u00e0 l'adresse suivante<\/p><p><strong>XJ Electronics<\/strong><br \/>Salle 1502, 15\/F, Lucky Commercial Centre<br \/>103-109 Des Voeux Road West, Sheung Wan, Hong Kong<br \/><strong>Site web<\/strong>: <a href=\"https:\/\/gotimebox.com\/fr\/\">https:\/\/gotimebox.com<\/a><br \/><strong>Courriel<\/strong>: <a>service@gotimebox.com<\/a><br \/><strong>T\u00e9l\u00e9phone<\/strong>: +852 9409 1966<\/p>\t\t\t\t\t\t\t\t<\/div>\n\t\t\t\t<\/div>\n\t\t\t\t\t<\/div>\n\t\t\t\t<\/div>\n\t\t\t\t<\/div>","protected":false},"excerpt":{"rendered":"<p>PRIVACY POLICY This Privacy Policy applies to visitors and users of https:\/\/gotimebox.com (&#8220;Website&#8221;) and describes how XJ Electronics (&#8220;we,&#8221; &#8220;our,&#8221; [&hellip;]<\/p>","protected":false},"author":1,"featured_media":0,"parent":0,"menu_order":0,"comment_status":"closed","ping_status":"closed","template":"","meta":{"site-sidebar-layout":"no-sidebar","site-content-layout":"","ast-site-content-layout":"full-width-container","site-content-style":"default","site-sidebar-style":"default","ast-global-header-display":"","ast-banner-title-visibility":"","ast-main-header-display":"","ast-hfb-above-header-display":"","ast-hfb-below-header-display":"","ast-hfb-mobile-header-display":"","site-post-title":"disabled","ast-breadcrumbs-content":"","ast-featured-img":"disabled","footer-sml-layout":"","theme-transparent-header-meta":"","adv-header-id-meta":"","stick-header-meta":"","header-above-stick-meta":"","header-main-stick-meta":"","header-below-stick-meta":"","astra-migrate-meta-layouts":"default","ast-page-background-enabled":"default","ast-page-background-meta":{"desktop":{"background-color":"var(--ast-global-color-4)","background-image":"","background-repeat":"repeat","background-position":"center center","background-size":"auto","background-attachment":"scroll","background-type":"","background-media":"","overlay-type":"","overlay-color":"","overlay-opacity":"","overlay-gradient":""},"tablet":{"background-color":"","background-image":"","background-repeat":"repeat","background-position":"center center","background-size":"auto","background-attachment":"scroll","background-type":"","background-media":"","overlay-type":"","overlay-color":"","overlay-opacity":"","overlay-gradient":""},"mobile":{"background-color":"","background-image":"","background-repeat":"repeat","background-position":"center center","background-size":"auto","background-attachment":"scroll","background-type":"","background-media":"","overlay-type":"","overlay-color":"","overlay-opacity":"","overlay-gradient":""}},"ast-content-background-meta":{"desktop":{"background-color":"var(--ast-global-color-5)","background-image":"","background-repeat":"repeat","background-position":"center center","background-size":"auto","background-attachment":"scroll","background-type":"","background-media":"","overlay-type":"","overlay-color":"","overlay-opacity":"","overlay-gradient":""},"tablet":{"background-color":"var(--ast-global-color-5)","background-image":"","background-repeat":"repeat","background-position":"center center","background-size":"auto","background-attachment":"scroll","background-type":"","background-media":"","overlay-type":"","overlay-color":"","overlay-opacity":"","overlay-gradient":""},"mobile":{"background-color":"var(--ast-global-color-5)","background-image":"","background-repeat":"repeat","background-position":"center center","background-size":"auto","background-attachment":"scroll","background-type":"","background-media":"","overlay-type":"","overlay-color":"","overlay-opacity":"","overlay-gradient":""}},"footnotes":""},"class_list":["post-31","page","type-page","status-publish","hentry"],"_links":{"self":[{"href":"https:\/\/gotimebox.com\/fr\/wp-json\/wp\/v2\/pages\/31","targetHints":{"allow":["GET"]}}],"collection":[{"href":"https:\/\/gotimebox.com\/fr\/wp-json\/wp\/v2\/pages"}],"about":[{"href":"https:\/\/gotimebox.com\/fr\/wp-json\/wp\/v2\/types\/page"}],"author":[{"embeddable":true,"href":"https:\/\/gotimebox.com\/fr\/wp-json\/wp\/v2\/users\/1"}],"replies":[{"embeddable":true,"href":"https:\/\/gotimebox.com\/fr\/wp-json\/wp\/v2\/comments?post=31"}],"version-history":[{"count":0,"href":"https:\/\/gotimebox.com\/fr\/wp-json\/wp\/v2\/pages\/31\/revisions"}],"wp:attachment":[{"href":"https:\/\/gotimebox.com\/fr\/wp-json\/wp\/v2\/media?parent=31"}],"curies":[{"name":"wp","href":"https:\/\/api.w.org\/{rel}","templated":true}]}}