{"id":37,"date":"2024-06-06T18:47:15","date_gmt":"2024-06-06T18:47:15","guid":{"rendered":"https:\/\/gotimebox.com\/?page_id=37"},"modified":"2025-05-19T08:55:59","modified_gmt":"2025-05-19T00:55:59","slug":"term-of-service","status":"publish","type":"page","link":"https:\/\/gotimebox.com\/fr\/term-of-service\/","title":{"rendered":"Term of service"},"content":{"rendered":"<div data-elementor-type=\"wp-page\" data-elementor-id=\"37\" class=\"elementor elementor-37\" data-elementor-post-type=\"page\">\n\t\t\t\t<div class=\"elementor-element elementor-element-b2a8546 e-flex e-con-boxed e-con e-parent\" data-id=\"b2a8546\" data-element_type=\"container\">\n\t\t\t\t\t<div class=\"e-con-inner\">\n\t\t\t\t<div class=\"elementor-element elementor-element-abd7969 elementor-widget elementor-widget-heading\" data-id=\"abd7969\" data-element_type=\"widget\" data-widget_type=\"heading.default\">\n\t\t\t\t<div class=\"elementor-widget-container\">\n\t\t\t\t\t<h2 class=\"elementor-heading-title elementor-size-default\">Conditions d'utilisation<\/h2>\t\t\t\t<\/div>\n\t\t\t\t<\/div>\n\t\t\t\t<div class=\"elementor-element elementor-element-6b48ece elementor-widget elementor-widget-text-editor\" data-id=\"6b48ece\" data-element_type=\"widget\" data-widget_type=\"text-editor.default\">\n\t\t\t\t<div class=\"elementor-widget-container\">\n\t\t\t\t\t\t\t\t\t<p data-start=\"138\" data-end=\"162\"><strong data-start=\"138\" data-end=\"162\">Bienvenue \u00e0 GoTimeBox<\/strong><\/p><p data-start=\"138\" data-end=\"162\">Les pr\u00e9sentes conditions de service (\"conditions\") r\u00e9gissent votre acc\u00e8s et votre utilisation de notre site web \u00e0 l'adresse suivante <a class=\"\" href=\"https:\/\/gotimebox.com\/fr\/\" target=\"_new\" rel=\"noopener\" data-start=\"245\" data-end=\"283\">GoTimeBox.com<\/a> (le \"Site\") et les services fournis par GoTimeBox (\"nous\", \"notre\" ou \"nos\"). En utilisant ce Site, vous acceptez d'\u00eatre li\u00e9 par les pr\u00e9sentes Conditions. Si vous n'\u00eates pas d'accord, veuillez ne pas utiliser le Site.<\/p><hr data-start=\"468\" data-end=\"471\" \/><h3 data-start=\"473\" data-end=\"500\">1. Conditions g\u00e9n\u00e9rales<\/h3><p data-start=\"501\" data-end=\"743\">Nous nous r\u00e9servons le droit de refuser le service \u00e0 quiconque, \u00e0 tout moment et pour quelque raison que ce soit. Vous comprenez que votre contenu (\u00e0 l'exclusion des informations relatives \u00e0 votre carte de cr\u00e9dit) peut \u00eatre transf\u00e9r\u00e9 de mani\u00e8re non crypt\u00e9e sur diff\u00e9rents r\u00e9seaux et adapt\u00e9 pour r\u00e9pondre \u00e0 des exigences techniques.<\/p><hr data-start=\"745\" data-end=\"748\" \/><h3 data-start=\"750\" data-end=\"782\">2. Exactitude des informations<\/h3><p data-start=\"783\" data-end=\"1018\">Nous ne garantissons pas que toutes les informations contenues dans ce site sont exactes, compl\u00e8tes ou \u00e0 jour. Le contenu n'est fourni qu'\u00e0 titre de r\u00e9f\u00e9rence g\u00e9n\u00e9rale et ne doit pas constituer la seule base de d\u00e9cision. Toute confiance accord\u00e9e \u00e0 ce mat\u00e9riel est \u00e0 vos risques et p\u00e9rils.<\/p><hr data-start=\"1020\" data-end=\"1023\" \/><h3 data-start=\"1025\" data-end=\"1070\">3. Modifications des services et des prix<\/h3><p data-start=\"1071\" data-end=\"1242\">Nous nous r\u00e9servons le droit de modifier les prix des produits ou d'interrompre les services \u00e0 tout moment et sans pr\u00e9avis. Nous ne sommes pas responsables de ces modifications, suspensions ou interruptions.<\/p><hr data-start=\"1244\" data-end=\"1247\" \/><h3 data-start=\"1249\" data-end=\"1283\">4. Produits et disponibilit\u00e9<\/h3><p data-start=\"1284\" data-end=\"1600\">Certains produits ou services peuvent \u00eatre disponibles exclusivement en ligne et en quantit\u00e9s limit\u00e9es. Ils peuvent \u00eatre retourn\u00e9s ou \u00e9chang\u00e9s conform\u00e9ment \u00e0 notre politique de retour. Nous nous effor\u00e7ons d'afficher les images et les couleurs des produits aussi fid\u00e8lement que possible, mais nous ne pouvons pas garantir que votre \u00e9cran les affichera correctement.<\/p><hr data-start=\"1602\" data-end=\"1605\" \/><h3 data-start=\"1607\" data-end=\"1646\">5. Commandes et informations sur les comptes<\/h3><p data-start=\"1647\" data-end=\"1936\">Nous nous r\u00e9servons le droit de refuser ou d'annuler toute commande. Nous pouvons limiter les achats par personne, m\u00e9nage ou commande, y compris les commandes utilisant le m\u00eame compte, la m\u00eame carte de cr\u00e9dit, la m\u00eame adresse de facturation ou de livraison. Si des modifications sont apport\u00e9es \u00e0 votre commande, nous pouvons vous contacter en utilisant les informations fournies lors du paiement.<\/p><p data-start=\"1938\" data-end=\"2123\">Vous acceptez de fournir des informations actuelles, compl\u00e8tes et exactes sur vos achats et votre compte. Vous \u00eates responsable de la mise \u00e0 jour de vos donn\u00e9es, y compris de votre adresse \u00e9lectronique et de vos informations de paiement.<\/p><hr data-start=\"2125\" data-end=\"2128\" \/><h3 data-start=\"2130\" data-end=\"2156\">6. Liens avec des tiers<\/h3><p data-start=\"2157\" data-end=\"2399\">Ce site peut inclure des liens vers des sites web ou des services de tiers qui ne nous sont pas affili\u00e9s. Nous ne sommes pas responsables de l'examen ou de l'\u00e9valuation de leur contenu ou de leur exactitude et n'assumons aucune responsabilit\u00e9 pour le mat\u00e9riel, les sites web ou les services de tiers.<\/p><hr data-start=\"2401\" data-end=\"2404\" \/><h3 data-start=\"2406\" data-end=\"2444\">7. Commentaires et soumissions des utilisateurs<\/h3><p data-start=\"2445\" data-end=\"2726\">Si vous nous soumettez des id\u00e9es cr\u00e9atives, des suggestions, des propositions ou d'autres \u00e9l\u00e9ments, que ce soit \u00e0 la demande ou non, vous acceptez que nous puissions les utiliser, les \u00e9diter, les copier, les publier ou les distribuer sans restriction ni compensation. Nous ne sommes pas oblig\u00e9s de garder les soumissions confidentielles ou d'y r\u00e9pondre.<\/p><hr data-start=\"2728\" data-end=\"2731\" \/><h3 data-start=\"2733\" data-end=\"2762\">8. Informations personnelles<\/h3><p data-start=\"2763\" data-end=\"2877\">L'envoi d'informations personnelles est r\u00e9gi par notre <a class=\"cursor-pointer\" target=\"_new\" rel=\"noopener\" data-start=\"2822\" data-end=\"2876\">Politique de confidentialit\u00e9<\/a>.<\/p><hr data-start=\"2879\" data-end=\"2882\" \/><h3 data-start=\"2884\" data-end=\"2913\">9. Erreurs et omissions<\/h3><p data-start=\"2914\" data-end=\"3148\">Nous pouvons occasionnellement avoir des erreurs typographiques ou des inexactitudes li\u00e9es \u00e0 la description des produits, aux prix, \u00e0 la disponibilit\u00e9 ou aux d\u00e9tails de l'exp\u00e9dition. Nous nous r\u00e9servons le droit de corriger toute erreur et d'annuler les commandes si n\u00e9cessaire, sans pr\u00e9avis.<\/p><hr data-start=\"3150\" data-end=\"3153\" \/><h3 data-start=\"3155\" data-end=\"3180\">10. Utilisations interdites<\/h3><p data-start=\"3181\" data-end=\"3237\">Il vous est interdit d'utiliser le site ou son contenu :<\/p><ul data-start=\"3238\" data-end=\"3501\"><li data-start=\"3238\" data-end=\"3263\"><p data-start=\"3240\" data-end=\"3263\">\u00e0 des fins ill\u00e9gales<\/p><\/li><li data-start=\"3264\" data-end=\"3298\"><p data-start=\"3266\" data-end=\"3298\">de violer des lois ou des r\u00e8glements<\/p><\/li><li data-start=\"3299\" data-end=\"3343\"><p data-start=\"3301\" data-end=\"3343\">d'enfreindre les droits de propri\u00e9t\u00e9 intellectuelle<\/p><\/li><li data-start=\"3344\" data-end=\"3382\"><p data-start=\"3346\" data-end=\"3382\">de harceler, de diffamer ou de discriminer<\/p><\/li><li data-start=\"3383\" data-end=\"3422\"><p data-start=\"3385\" data-end=\"3422\">de diffuser des logiciels malveillants ou des codes malveillants<\/p><\/li><li data-start=\"3423\" data-end=\"3467\"><p data-start=\"3425\" data-end=\"3467\">de collecter des donn\u00e9es \u00e0 caract\u00e8re personnel sans consentement<\/p><\/li><li data-start=\"3468\" data-end=\"3501\"><p data-start=\"3470\" data-end=\"3501\">d'interf\u00e9rer avec la s\u00e9curit\u00e9 du site<\/p><\/li><\/ul><p data-start=\"3503\" data-end=\"3569\">La violation de ces r\u00e8gles peut entra\u00eener la r\u00e9siliation de votre acc\u00e8s.<\/p><hr data-start=\"3571\" data-end=\"3574\" \/><h3 data-start=\"3576\" data-end=\"3610\">11. Exclusion de garantie<\/h3><p data-start=\"3611\" data-end=\"3819\">Nous ne garantissons pas que votre utilisation du site sera ininterrompue, s\u00fbre ou exempte d'erreurs. Tous les services et produits sont fournis \"en l'\u00e9tat\" et \"tels que disponibles\" sans garantie d'aucune sorte, expresse ou implicite.<\/p><p data-start=\"3821\" data-end=\"4004\">Nous ne sommes pas responsables des dommages directs, indirects, accessoires ou cons\u00e9cutifs - y compris les pertes de profits ou de donn\u00e9es - r\u00e9sultant de votre utilisation du site ou des produits achet\u00e9s par son interm\u00e9diaire.<\/p><hr data-start=\"4006\" data-end=\"4009\" \/><h3 data-start=\"4011\" data-end=\"4036\">12. Indemnisation<\/h3><p data-start=\"4037\" data-end=\"4241\">Vous acceptez d'indemniser et de d\u00e9gager de toute responsabilit\u00e9 GoTimeBox et ses affili\u00e9s, employ\u00e9s et agents en cas de r\u00e9clamation ou de demande r\u00e9sultant de votre violation des pr\u00e9sentes Conditions ou de la violation d'une loi ou des droits d'un tiers.<\/p><hr data-start=\"4243\" data-end=\"4246\" \/><h3 data-start=\"4248\" data-end=\"4270\">13. Divisibilit\u00e9<\/h3><p data-start=\"4271\" data-end=\"4381\">Si une disposition des pr\u00e9sentes conditions est jug\u00e9e ill\u00e9gale ou inapplicable, les autres dispositions resteront pleinement en vigueur.<\/p><hr data-start=\"4383\" data-end=\"4386\" \/><h3 data-start=\"4388\" data-end=\"4409\">14. R\u00e9siliation<\/h3><p data-start=\"4410\" data-end=\"4590\">Les pr\u00e9sentes conditions restent en vigueur \u00e0 moins qu'elles ne soient r\u00e9sili\u00e9es par l'une ou l'autre des parties. Vous pouvez les r\u00e9silier en cessant d'utiliser le site. Nous pouvons r\u00e9silier ou suspendre l'acc\u00e8s \u00e0 tout moment si vous ne respectez pas l'une des conditions.<\/p><hr data-start=\"4592\" data-end=\"4595\" \/><h3 data-start=\"4597\" data-end=\"4623\">15. Int\u00e9gralit\u00e9 de l'accord<\/h3><p data-start=\"4624\" data-end=\"4766\">Les pr\u00e9sentes Conditions, ainsi que nos politiques affich\u00e9es, constituent l'int\u00e9gralit\u00e9 de l'accord entre vous et GoTimeBox et remplacent toutes les communications ant\u00e9rieures.<\/p><hr data-start=\"4768\" data-end=\"4771\" \/><h3 data-start=\"4773\" data-end=\"4796\">16. Droit applicable<\/h3><p data-start=\"4797\" data-end=\"4961\">Les pr\u00e9sentes conditions sont r\u00e9gies et interpr\u00e9t\u00e9es en vertu des lois de l'Union europ\u00e9enne. <strong data-start=\"4863\" data-end=\"4914\">R\u00e9gion administrative sp\u00e9ciale de Hong Kong (HKSAR)<\/strong>sans tenir compte des principes de conflit de lois.<\/p><hr data-start=\"4963\" data-end=\"4966\" \/><h3 data-start=\"4968\" data-end=\"4994\">17. Modifications des conditions<\/h3><p data-start=\"4995\" data-end=\"5183\">Nous nous r\u00e9servons le droit de mettre \u00e0 jour ces conditions \u00e0 tout moment. La version la plus r\u00e9cente sera toujours disponible sur cette page. La poursuite de l'utilisation du site apr\u00e8s les modifications constitue votre acceptation.<\/p><hr data-start=\"5185\" data-end=\"5188\" \/><p data-start=\"5190\" data-end=\"5297\"><strong data-start=\"5190\" data-end=\"5201\">Contact<\/strong><br data-start=\"5201\" data-end=\"5204\" \/>Si vous avez des questions concernant les pr\u00e9sentes conditions, veuillez nous contacter \u00e0 l'adresse suivante :<br data-start=\"5270\" data-end=\"5273\" \/>\ud83d\udce7 <a class=\"cursor-pointer\" rel=\"noopener\" data-start=\"5276\" data-end=\"5297\">service@gotimebox.com<\/a><\/p>\t\t\t\t\t\t\t\t<\/div>\n\t\t\t\t<\/div>\n\t\t\t\t\t<\/div>\n\t\t\t\t<\/div>\n\t\t\t\t<\/div>","protected":false},"excerpt":{"rendered":"<p>Terms of Service Welcome to GoTimeBox These Terms of Service (\u201cTerms\u201d) govern your access to and use of our website [&hellip;]<\/p>","protected":false},"author":1,"featured_media":0,"parent":0,"menu_order":0,"comment_status":"closed","ping_status":"closed","template":"","meta":{"site-sidebar-layout":"no-sidebar","site-content-layout":"","ast-site-content-layout":"full-width-container","site-content-style":"default","site-sidebar-style":"default","ast-global-header-display":"","ast-banner-title-visibility":"","ast-main-header-display":"","ast-hfb-above-header-display":"","ast-hfb-below-header-display":"","ast-hfb-mobile-header-display":"","site-post-title":"disabled","ast-breadcrumbs-content":"","ast-featured-img":"disabled","footer-sml-layout":"","theme-transparent-header-meta":"","adv-header-id-meta":"","stick-header-meta":"","header-above-stick-meta":"","header-main-stick-meta":"","header-below-stick-meta":"","astra-migrate-meta-layouts":"default","ast-page-background-enabled":"default","ast-page-background-meta":{"desktop":{"background-color":"var(--ast-global-color-4)","background-image":"","background-repeat":"repeat","background-position":"center center","background-size":"auto","background-attachment":"scroll","background-type":"","background-media":"","overlay-type":"","overlay-color":"","overlay-opacity":"","overlay-gradient":""},"tablet":{"background-color":"","background-image":"","background-repeat":"repeat","background-position":"center center","background-size":"auto","background-attachment":"scroll","background-type":"","background-media":"","overlay-type":"","overlay-color":"","overlay-opacity":"","overlay-gradient":""},"mobile":{"background-color":"","background-image":"","background-repeat":"repeat","background-position":"center center","background-size":"auto","background-attachment":"scroll","background-type":"","background-media":"","overlay-type":"","overlay-color":"","overlay-opacity":"","overlay-gradient":""}},"ast-content-background-meta":{"desktop":{"background-color":"var(--ast-global-color-5)","background-image":"","background-repeat":"repeat","background-position":"center center","background-size":"auto","background-attachment":"scroll","background-type":"","background-media":"","overlay-type":"","overlay-color":"","overlay-opacity":"","overlay-gradient":""},"tablet":{"background-color":"var(--ast-global-color-5)","background-image":"","background-repeat":"repeat","background-position":"center center","background-size":"auto","background-attachment":"scroll","background-type":"","background-media":"","overlay-type":"","overlay-color":"","overlay-opacity":"","overlay-gradient":""},"mobile":{"background-color":"var(--ast-global-color-5)","background-image":"","background-repeat":"repeat","background-position":"center center","background-size":"auto","background-attachment":"scroll","background-type":"","background-media":"","overlay-type":"","overlay-color":"","overlay-opacity":"","overlay-gradient":""}},"footnotes":""},"class_list":["post-37","page","type-page","status-publish","hentry"],"_links":{"self":[{"href":"https:\/\/gotimebox.com\/fr\/wp-json\/wp\/v2\/pages\/37","targetHints":{"allow":["GET"]}}],"collection":[{"href":"https:\/\/gotimebox.com\/fr\/wp-json\/wp\/v2\/pages"}],"about":[{"href":"https:\/\/gotimebox.com\/fr\/wp-json\/wp\/v2\/types\/page"}],"author":[{"embeddable":true,"href":"https:\/\/gotimebox.com\/fr\/wp-json\/wp\/v2\/users\/1"}],"replies":[{"embeddable":true,"href":"https:\/\/gotimebox.com\/fr\/wp-json\/wp\/v2\/comments?post=37"}],"version-history":[{"count":0,"href":"https:\/\/gotimebox.com\/fr\/wp-json\/wp\/v2\/pages\/37\/revisions"}],"wp:attachment":[{"href":"https:\/\/gotimebox.com\/fr\/wp-json\/wp\/v2\/media?parent=37"}],"curies":[{"name":"wp","href":"https:\/\/api.w.org\/{rel}","templated":true}]}}