{"id":615,"date":"2024-10-27T11:17:29","date_gmt":"2024-10-27T11:17:29","guid":{"rendered":"https:\/\/gotimebox.com\/?page_id=615"},"modified":"2024-10-27T11:22:08","modified_gmt":"2024-10-27T11:22:08","slug":"cookies-policy","status":"publish","type":"page","link":"https:\/\/gotimebox.com\/fr\/cookies-policy\/","title":{"rendered":"Politique en mati\u00e8re de cookies"},"content":{"rendered":"<div data-elementor-type=\"wp-page\" data-elementor-id=\"615\" class=\"elementor elementor-615\" data-elementor-post-type=\"page\">\n\t\t\t\t<div class=\"elementor-element elementor-element-fc3eeea e-flex e-con-boxed e-con e-parent\" data-id=\"fc3eeea\" data-element_type=\"container\">\n\t\t\t\t\t<div class=\"e-con-inner\">\n\t\t\t\t<div class=\"elementor-element elementor-element-d2fa7fd elementor-widget elementor-widget-heading\" data-id=\"d2fa7fd\" data-element_type=\"widget\" data-widget_type=\"heading.default\">\n\t\t\t\t<div class=\"elementor-widget-container\">\n\t\t\t\t\t<h2 class=\"elementor-heading-title elementor-size-default\">Politique en mati\u00e8re de cookies<\/h2>\t\t\t\t<\/div>\n\t\t\t\t<\/div>\n\t\t\t\t<div class=\"elementor-element elementor-element-1c990a6 elementor-widget elementor-widget-text-editor\" data-id=\"1c990a6\" data-element_type=\"widget\" data-widget_type=\"text-editor.default\">\n\t\t\t\t<div class=\"elementor-widget-container\">\n\t\t\t\t\t\t\t\t\t<h4>1. Introduction<\/h4><p>Bienvenue \u00e0 <strong>GoTimeBox.com<\/strong> (ci-apr\u00e8s d\u00e9nomm\u00e9s \"nous\", \"notre\" ou \"nos\"). La pr\u00e9sente politique en mati\u00e8re de cookies explique comment nous utilisons des cookies et des technologies similaires sur notre site web afin d'am\u00e9liorer votre exp\u00e9rience et de vous fournir un contenu personnalis\u00e9.<\/p><h4>2. Que sont les cookies ?<\/h4><p>Les cookies sont de petits fichiers texte qui sont plac\u00e9s sur votre appareil lorsque vous visitez un site web. Ils nous aident \u00e0 comprendre comment vous utilisez notre site, \u00e0 m\u00e9moriser vos pr\u00e9f\u00e9rences et \u00e0 am\u00e9liorer votre exp\u00e9rience de navigation. Les cookies peuvent \u00eatre des \"cookies de session\" (qui expirent lorsque vous fermez votre navigateur) ou des \"cookies persistants\" (qui restent sur votre appareil pendant une p\u00e9riode d\u00e9termin\u00e9e).<\/p><h4>3. Types de cookies que nous utilisons<\/h4><p>Nous utilisons les types de cookies suivants sur notre site web :<\/p><ul><li><p><strong>Biscuits essentiels<\/strong>: Ces cookies sont n\u00e9cessaires au bon fonctionnement du site web et \u00e0 la fourniture des services que vous demandez. Ils comprennent les cookies qui vous permettent de vous connecter, d'utiliser le panier d'achat et d'acc\u00e9der aux zones s\u00e9curis\u00e9es du site.<\/p><\/li><li><p><strong>Cookies de performance<\/strong>: Ces cookies nous aident \u00e0 comprendre comment les visiteurs interagissent avec notre site web en collectant et en rapportant des informations. Ils nous aident \u00e0 am\u00e9liorer les performances et la convivialit\u00e9 de notre site. Par exemple, nous utilisons Google Analytics pour analyser le comportement des utilisateurs.<\/p><\/li><li><p><strong>Cookies fonctionnels<\/strong>: Ces cookies nous permettent de nous souvenir de vos pr\u00e9f\u00e9rences et de vous offrir des fonctionnalit\u00e9s am\u00e9lior\u00e9es. Par exemple, ils peuvent m\u00e9moriser vos pr\u00e9f\u00e9rences linguistiques ou d'autres param\u00e8tres.<\/p><\/li><li><p><strong>Cookies de ciblage<\/strong>: Ces cookies sont utilis\u00e9s pour diffuser des publicit\u00e9s adapt\u00e9es \u00e0 vous et \u00e0 vos centres d'int\u00e9r\u00eat. Ils peuvent \u00e9galement \u00eatre utilis\u00e9s pour limiter le nombre de fois que vous voyez une publicit\u00e9 et pour mesurer l'efficacit\u00e9 des campagnes publicitaires.<\/p><\/li><\/ul><h4>4. Cookies de tiers<\/h4><p>Nous pouvons \u00e9galement autoriser des prestataires de services tiers \u00e0 placer des cookies sur votre appareil. Ces cookies de tiers sont soumis aux politiques de confidentialit\u00e9 des tiers concern\u00e9s. En voici quelques exemples :<\/p><ul><li><strong>Google Analytics<\/strong>: Suivre et analyser le trafic sur le site web.<\/li><li><strong>Boutons de m\u00e9dias sociaux<\/strong>: Pour permettre le partage de contenu sur les plateformes de m\u00e9dias sociaux.<\/li><\/ul><h4>5. Comment g\u00e9rer les cookies<\/h4><p>Vous pouvez g\u00e9rer vos pr\u00e9f\u00e9rences en mati\u00e8re de cookies par le biais des param\u00e8tres de votre navigateur. La plupart des navigateurs vous permettent de refuser ou de supprimer les cookies. Toutefois, veuillez noter que la d\u00e9sactivation des cookies peut affecter la fonctionnalit\u00e9 de notre site web. Pour savoir comment g\u00e9rer les cookies, veuillez consulter la section d'aide de votre navigateur :<\/p><ul><li>Google Chrome<\/li><li>Mozilla Firefox<\/li><li>Safari<\/li><li>Microsoft Edge<\/li><\/ul><h4>6. Modifications de la pr\u00e9sente politique en mati\u00e8re de cookies<\/h4><p>Nous pouvons mettre \u00e0 jour la pr\u00e9sente politique en mati\u00e8re de cookies de temps \u00e0 autre pour refl\u00e9ter les changements technologiques ou les exigences l\u00e9gales. Nous vous encourageons \u00e0 consulter r\u00e9guli\u00e8rement cette politique pour rester inform\u00e9 de la mani\u00e8re dont nous utilisons les cookies.<\/p><h4>7. Nous contacter<\/h4><p>Si vous avez des questions ou des pr\u00e9occupations concernant notre utilisation des cookies, veuillez nous contacter \u00e0 l'adresse suivante :<\/p><p><a href=\"https:\/\/gotimebox.com\/fr\/\">GoTimeBox.com<\/a><br \/>Courriel : <a rel=\"noopener\">service@gotimebox.com<\/a><\/p>\t\t\t\t\t\t\t\t<\/div>\n\t\t\t\t<\/div>\n\t\t\t\t\t<\/div>\n\t\t\t\t<\/div>\n\t\t\t\t<\/div>","protected":false},"excerpt":{"rendered":"<p>Cookies Policy 1. Introduction Welcome to GoTimeBox.com (referred to as \u201cwe\u201d, \u201cour\u201d, or \u201cus\u201d). This Cookies Policy explains how we [&hellip;]<\/p>","protected":false},"author":1,"featured_media":0,"parent":0,"menu_order":0,"comment_status":"closed","ping_status":"closed","template":"","meta":{"site-sidebar-layout":"no-sidebar","site-content-layout":"","ast-site-content-layout":"full-width-container","site-content-style":"default","site-sidebar-style":"default","ast-global-header-display":"","ast-banner-title-visibility":"","ast-main-header-display":"","ast-hfb-above-header-display":"","ast-hfb-below-header-display":"","ast-hfb-mobile-header-display":"","site-post-title":"disabled","ast-breadcrumbs-content":"","ast-featured-img":"disabled","footer-sml-layout":"","theme-transparent-header-meta":"","adv-header-id-meta":"","stick-header-meta":"","header-above-stick-meta":"","header-main-stick-meta":"","header-below-stick-meta":"","astra-migrate-meta-layouts":"default","ast-page-background-enabled":"default","ast-page-background-meta":{"desktop":{"background-color":"var(--ast-global-color-4)","background-image":"","background-repeat":"repeat","background-position":"center center","background-size":"auto","background-attachment":"scroll","background-type":"","background-media":"","overlay-type":"","overlay-color":"","overlay-opacity":"","overlay-gradient":""},"tablet":{"background-color":"","background-image":"","background-repeat":"repeat","background-position":"center center","background-size":"auto","background-attachment":"scroll","background-type":"","background-media":"","overlay-type":"","overlay-color":"","overlay-opacity":"","overlay-gradient":""},"mobile":{"background-color":"","background-image":"","background-repeat":"repeat","background-position":"center center","background-size":"auto","background-attachment":"scroll","background-type":"","background-media":"","overlay-type":"","overlay-color":"","overlay-opacity":"","overlay-gradient":""}},"ast-content-background-meta":{"desktop":{"background-color":"var(--ast-global-color-5)","background-image":"","background-repeat":"repeat","background-position":"center center","background-size":"auto","background-attachment":"scroll","background-type":"","background-media":"","overlay-type":"","overlay-color":"","overlay-opacity":"","overlay-gradient":""},"tablet":{"background-color":"var(--ast-global-color-5)","background-image":"","background-repeat":"repeat","background-position":"center center","background-size":"auto","background-attachment":"scroll","background-type":"","background-media":"","overlay-type":"","overlay-color":"","overlay-opacity":"","overlay-gradient":""},"mobile":{"background-color":"var(--ast-global-color-5)","background-image":"","background-repeat":"repeat","background-position":"center center","background-size":"auto","background-attachment":"scroll","background-type":"","background-media":"","overlay-type":"","overlay-color":"","overlay-opacity":"","overlay-gradient":""}},"footnotes":""},"class_list":["post-615","page","type-page","status-publish","hentry"],"_links":{"self":[{"href":"https:\/\/gotimebox.com\/fr\/wp-json\/wp\/v2\/pages\/615","targetHints":{"allow":["GET"]}}],"collection":[{"href":"https:\/\/gotimebox.com\/fr\/wp-json\/wp\/v2\/pages"}],"about":[{"href":"https:\/\/gotimebox.com\/fr\/wp-json\/wp\/v2\/types\/page"}],"author":[{"embeddable":true,"href":"https:\/\/gotimebox.com\/fr\/wp-json\/wp\/v2\/users\/1"}],"replies":[{"embeddable":true,"href":"https:\/\/gotimebox.com\/fr\/wp-json\/wp\/v2\/comments?post=615"}],"version-history":[{"count":0,"href":"https:\/\/gotimebox.com\/fr\/wp-json\/wp\/v2\/pages\/615\/revisions"}],"wp:attachment":[{"href":"https:\/\/gotimebox.com\/fr\/wp-json\/wp\/v2\/media?parent=615"}],"curies":[{"name":"wp","href":"https:\/\/api.w.org\/{rel}","templated":true}]}}