{"id":37,"date":"2024-06-06T18:47:15","date_gmt":"2024-06-06T18:47:15","guid":{"rendered":"https:\/\/gotimebox.com\/?page_id=37"},"modified":"2025-05-19T08:55:59","modified_gmt":"2025-05-19T00:55:59","slug":"term-of-service","status":"publish","type":"page","link":"https:\/\/gotimebox.com\/it\/term-of-service\/","title":{"rendered":"Term of service"},"content":{"rendered":"<div data-elementor-type=\"wp-page\" data-elementor-id=\"37\" class=\"elementor elementor-37\" data-elementor-post-type=\"page\">\n\t\t\t\t<div class=\"elementor-element elementor-element-b2a8546 e-flex e-con-boxed e-con e-parent\" data-id=\"b2a8546\" data-element_type=\"container\">\n\t\t\t\t\t<div class=\"e-con-inner\">\n\t\t\t\t<div class=\"elementor-element elementor-element-abd7969 elementor-widget elementor-widget-heading\" data-id=\"abd7969\" data-element_type=\"widget\" data-widget_type=\"heading.default\">\n\t\t\t\t<div class=\"elementor-widget-container\">\n\t\t\t\t\t<h2 class=\"elementor-heading-title elementor-size-default\">Termini di servizio<\/h2>\t\t\t\t<\/div>\n\t\t\t\t<\/div>\n\t\t\t\t<div class=\"elementor-element elementor-element-6b48ece elementor-widget elementor-widget-text-editor\" data-id=\"6b48ece\" data-element_type=\"widget\" data-widget_type=\"text-editor.default\">\n\t\t\t\t<div class=\"elementor-widget-container\">\n\t\t\t\t\t\t\t\t\t<p data-start=\"138\" data-end=\"162\"><strong data-start=\"138\" data-end=\"162\">Benvenuti a GoTimeBox<\/strong><\/p><p data-start=\"138\" data-end=\"162\">I presenti Termini di servizio (\"Termini\") regolano l'accesso e l'utilizzo del nostro sito web all'indirizzo <a class=\"\" href=\"https:\/\/gotimebox.com\/it\/\" target=\"_new\" rel=\"noopener\" data-start=\"245\" data-end=\"283\">GoTimeBox.com<\/a> (il \"Sito\") e i servizi forniti da GoTimeBox (\"noi\", \"ci\" o \"nostro\"). Utilizzando il Sito, l'utente accetta di essere vincolato dai presenti Termini. Se non si accettano, si prega di non utilizzare il Sito.<\/p><hr data-start=\"468\" data-end=\"471\" \/><h3 data-start=\"473\" data-end=\"500\">1. Condizioni generali<\/h3><p data-start=\"501\" data-end=\"743\">Ci riserviamo il diritto di rifiutare il servizio a chiunque in qualsiasi momento e per qualsiasi motivo. L'utente \u00e8 consapevole che i suoi contenuti (esclusi i dati della carta di credito) possono essere trasferiti in chiaro su varie reti e adattati per soddisfare i requisiti tecnici.<\/p><hr data-start=\"745\" data-end=\"748\" \/><h3 data-start=\"750\" data-end=\"782\">2. Precisione delle informazioni<\/h3><p data-start=\"783\" data-end=\"1018\">Non garantiamo che tutte le informazioni contenute in questo Sito siano accurate, complete o aggiornate. Il contenuto \u00e8 solo per riferimento generale e non deve essere l'unica base per prendere decisioni. Qualsiasi affidamento sul materiale \u00e8 a rischio dell'utente.<\/p><hr data-start=\"1020\" data-end=\"1023\" \/><h3 data-start=\"1025\" data-end=\"1070\">3. Modifiche ai servizi e ai prezzi<\/h3><p data-start=\"1071\" data-end=\"1242\">Ci riserviamo il diritto di modificare i prezzi dei prodotti o di interrompere i servizi in qualsiasi momento senza preavviso. Non siamo responsabili di tali modifiche, sospensioni o interruzioni.<\/p><hr data-start=\"1244\" data-end=\"1247\" \/><h3 data-start=\"1249\" data-end=\"1283\">4. Prodotti e disponibilit\u00e0<\/h3><p data-start=\"1284\" data-end=\"1600\">Alcuni prodotti o servizi possono essere disponibili esclusivamente online e possono avere quantit\u00e0 limitate. Sono soggetti a restituzione o sostituzione in conformit\u00e0 con la nostra Politica di restituzione. Ci sforziamo di visualizzare le immagini e i colori dei prodotti nel modo pi\u00f9 accurato possibile, ma non possiamo garantire che il vostro schermo li visualizzi con precisione.<\/p><hr data-start=\"1602\" data-end=\"1605\" \/><h3 data-start=\"1607\" data-end=\"1646\">5. Ordini e informazioni sul conto<\/h3><p data-start=\"1647\" data-end=\"1936\">Ci riserviamo il diritto di rifiutare o annullare qualsiasi ordine. Possiamo limitare gli acquisti per persona, famiglia o ordine, compresi gli ordini che utilizzano lo stesso account, la stessa carta di credito, lo stesso indirizzo di fatturazione o di spedizione. In caso di modifiche all'ordine, potremo contattarvi utilizzando le informazioni fornite al momento del pagamento.<\/p><p data-start=\"1938\" data-end=\"2123\">L'utente accetta di fornire informazioni aggiornate, complete e accurate sull'acquisto e sull'account. L'utente \u00e8 responsabile dell'aggiornamento dei propri dati, compresi quelli relativi all'e-mail e al pagamento.<\/p><hr data-start=\"2125\" data-end=\"2128\" \/><h3 data-start=\"2130\" data-end=\"2156\">6. Link di terze parti<\/h3><p data-start=\"2157\" data-end=\"2399\">Questo Sito pu\u00f2 contenere link a siti web o servizi di terzi non affiliati a noi. Non siamo responsabili dell'esame o della valutazione del loro contenuto o della loro accuratezza e non ci assumiamo alcuna responsabilit\u00e0 per i materiali, i siti web o i servizi di terzi.<\/p><hr data-start=\"2401\" data-end=\"2404\" \/><h3 data-start=\"2406\" data-end=\"2444\">7. Commenti e contributi degli utenti<\/h3><p data-start=\"2445\" data-end=\"2726\">Se ci inviate idee creative, suggerimenti, proposte o altro materiale, che sia richiesto o meno, accettate che possiamo utilizzarli, modificarli, copiarli, pubblicarli o distribuirli senza limitazioni o compensi. Non siamo obbligati a mantenere riservate le proposte o a rispondere ad esse.<\/p><hr data-start=\"2728\" data-end=\"2731\" \/><h3 data-start=\"2733\" data-end=\"2762\">8. Informazioni personali<\/h3><p data-start=\"2763\" data-end=\"2877\">L'invio di informazioni personali da parte dell'utente \u00e8 disciplinato dalla nostra <a class=\"cursor-pointer\" target=\"_new\" rel=\"noopener\" data-start=\"2822\" data-end=\"2876\">Informativa sulla privacy<\/a>.<\/p><hr data-start=\"2879\" data-end=\"2882\" \/><h3 data-start=\"2884\" data-end=\"2913\">9. Errori e omissioni<\/h3><p data-start=\"2914\" data-end=\"3148\">Occasionalmente possono verificarsi errori tipografici o imprecisioni relative a descrizioni dei prodotti, prezzi, disponibilit\u00e0 o dettagli di spedizione. Ci riserviamo il diritto di correggere eventuali errori e di annullare gli ordini, se necessario, senza preavviso.<\/p><hr data-start=\"3150\" data-end=\"3153\" \/><h3 data-start=\"3155\" data-end=\"3180\">10. Usi vietati<\/h3><p data-start=\"3181\" data-end=\"3237\">All'utente \u00e8 vietato utilizzare il Sito o il suo contenuto:<\/p><ul data-start=\"3238\" data-end=\"3501\"><li data-start=\"3238\" data-end=\"3263\"><p data-start=\"3240\" data-end=\"3263\">per scopi illegali<\/p><\/li><li data-start=\"3264\" data-end=\"3298\"><p data-start=\"3266\" data-end=\"3298\">violare leggi o regolamenti<\/p><\/li><li data-start=\"3299\" data-end=\"3343\"><p data-start=\"3301\" data-end=\"3343\">violare i diritti di propriet\u00e0 intellettuale<\/p><\/li><li data-start=\"3344\" data-end=\"3382\"><p data-start=\"3346\" data-end=\"3382\">molestare, diffamare o discriminare<\/p><\/li><li data-start=\"3383\" data-end=\"3422\"><p data-start=\"3385\" data-end=\"3422\">per diffondere malware o codice maligno<\/p><\/li><li data-start=\"3423\" data-end=\"3467\"><p data-start=\"3425\" data-end=\"3467\">raccogliere dati personali senza consenso<\/p><\/li><li data-start=\"3468\" data-end=\"3501\"><p data-start=\"3470\" data-end=\"3501\">interferire con la sicurezza del sito<\/p><\/li><\/ul><p data-start=\"3503\" data-end=\"3569\">La violazione di queste regole pu\u00f2 comportare l'interruzione dell'accesso.<\/p><hr data-start=\"3571\" data-end=\"3574\" \/><h3 data-start=\"3576\" data-end=\"3610\">11. Esclusione di garanzie<\/h3><p data-start=\"3611\" data-end=\"3819\">Non garantiamo che l'uso del Sito sia ininterrotto, sicuro o privo di errori. Tutti i servizi e i prodotti sono forniti \"cos\u00ec come sono\" e \"come disponibili\" senza garanzie di alcun tipo, espresse o implicite.<\/p><p data-start=\"3821\" data-end=\"4004\">Non siamo responsabili di alcun danno diretto, indiretto, incidentale o consequenziale, compresa la perdita di profitti o di dati, derivante dall'uso del Sito o di qualsiasi prodotto acquistato tramite esso.<\/p><hr data-start=\"4006\" data-end=\"4009\" \/><h3 data-start=\"4011\" data-end=\"4036\">12. Indennizzo<\/h3><p data-start=\"4037\" data-end=\"4241\">L'utente accetta di indennizzare e tenere indenne GoTimeBox e le sue affiliate, i suoi dipendenti e i suoi agenti da qualsiasi reclamo o richiesta derivante dalla violazione dei presenti Termini o dalla violazione di qualsiasi legge o diritto di terzi.<\/p><hr data-start=\"4243\" data-end=\"4246\" \/><h3 data-start=\"4248\" data-end=\"4270\">13. Separabilit\u00e0<\/h3><p data-start=\"4271\" data-end=\"4381\">Se una qualsiasi disposizione dei presenti Termini \u00e8 ritenuta illegale o inapplicabile, le restanti rimarranno in vigore.<\/p><hr data-start=\"4383\" data-end=\"4386\" \/><h3 data-start=\"4388\" data-end=\"4409\">14. Terminazione<\/h3><p data-start=\"4410\" data-end=\"4590\">I presenti Termini rimangono in vigore se non vengono risolti da una delle parti. L'utente pu\u00f2 recedere cessando di utilizzare il Sito. Possiamo interrompere o sospendere l'accesso in qualsiasi momento in caso di violazione di qualsiasi termine.<\/p><hr data-start=\"4592\" data-end=\"4595\" \/><h3 data-start=\"4597\" data-end=\"4623\">15. Intero accordo<\/h3><p data-start=\"4624\" data-end=\"4766\">I presenti Termini, insieme alle nostre politiche pubblicate, costituiscono l'intero accordo tra l'utente e GoTimeBox e sostituiscono tutte le comunicazioni precedenti.<\/p><hr data-start=\"4768\" data-end=\"4771\" \/><h3 data-start=\"4773\" data-end=\"4796\">16. Legge applicabile<\/h3><p data-start=\"4797\" data-end=\"4961\">I presenti Termini sono regolati e interpretati in base alle leggi del <strong data-start=\"4863\" data-end=\"4914\">Regione amministrativa speciale di Hong Kong (RAS)<\/strong>senza tener conto dei principi di conflitto di leggi.<\/p><hr data-start=\"4963\" data-end=\"4966\" \/><h3 data-start=\"4968\" data-end=\"4994\">17. Modifiche ai termini<\/h3><p data-start=\"4995\" data-end=\"5183\">Ci riserviamo il diritto di aggiornare le presenti Condizioni in qualsiasi momento. La versione pi\u00f9 aggiornata sar\u00e0 sempre disponibile su questa pagina. L'uso continuato del Sito dopo le modifiche costituisce l'accettazione da parte dell'utente.<\/p><hr data-start=\"5185\" data-end=\"5188\" \/><p data-start=\"5190\" data-end=\"5297\"><strong data-start=\"5190\" data-end=\"5201\">Contatto<\/strong><br data-start=\"5201\" data-end=\"5204\" \/>In caso di domande sui presenti Termini, si prega di contattarci all'indirizzo:<br data-start=\"5270\" data-end=\"5273\" \/>\ud83d\udce7 <a class=\"cursor-pointer\" rel=\"noopener\" data-start=\"5276\" data-end=\"5297\">service@gotimebox.com<\/a><\/p>\t\t\t\t\t\t\t\t<\/div>\n\t\t\t\t<\/div>\n\t\t\t\t\t<\/div>\n\t\t\t\t<\/div>\n\t\t\t\t<\/div>","protected":false},"excerpt":{"rendered":"<p>Terms of Service Welcome to GoTimeBox These Terms of Service (\u201cTerms\u201d) govern your access to and use of our website [&hellip;]<\/p>","protected":false},"author":1,"featured_media":0,"parent":0,"menu_order":0,"comment_status":"closed","ping_status":"closed","template":"","meta":{"site-sidebar-layout":"no-sidebar","site-content-layout":"","ast-site-content-layout":"full-width-container","site-content-style":"default","site-sidebar-style":"default","ast-global-header-display":"","ast-banner-title-visibility":"","ast-main-header-display":"","ast-hfb-above-header-display":"","ast-hfb-below-header-display":"","ast-hfb-mobile-header-display":"","site-post-title":"disabled","ast-breadcrumbs-content":"","ast-featured-img":"disabled","footer-sml-layout":"","theme-transparent-header-meta":"","adv-header-id-meta":"","stick-header-meta":"","header-above-stick-meta":"","header-main-stick-meta":"","header-below-stick-meta":"","astra-migrate-meta-layouts":"default","ast-page-background-enabled":"default","ast-page-background-meta":{"desktop":{"background-color":"var(--ast-global-color-4)","background-image":"","background-repeat":"repeat","background-position":"center center","background-size":"auto","background-attachment":"scroll","background-type":"","background-media":"","overlay-type":"","overlay-color":"","overlay-opacity":"","overlay-gradient":""},"tablet":{"background-color":"","background-image":"","background-repeat":"repeat","background-position":"center center","background-size":"auto","background-attachment":"scroll","background-type":"","background-media":"","overlay-type":"","overlay-color":"","overlay-opacity":"","overlay-gradient":""},"mobile":{"background-color":"","background-image":"","background-repeat":"repeat","background-position":"center center","background-size":"auto","background-attachment":"scroll","background-type":"","background-media":"","overlay-type":"","overlay-color":"","overlay-opacity":"","overlay-gradient":""}},"ast-content-background-meta":{"desktop":{"background-color":"var(--ast-global-color-5)","background-image":"","background-repeat":"repeat","background-position":"center center","background-size":"auto","background-attachment":"scroll","background-type":"","background-media":"","overlay-type":"","overlay-color":"","overlay-opacity":"","overlay-gradient":""},"tablet":{"background-color":"var(--ast-global-color-5)","background-image":"","background-repeat":"repeat","background-position":"center center","background-size":"auto","background-attachment":"scroll","background-type":"","background-media":"","overlay-type":"","overlay-color":"","overlay-opacity":"","overlay-gradient":""},"mobile":{"background-color":"var(--ast-global-color-5)","background-image":"","background-repeat":"repeat","background-position":"center center","background-size":"auto","background-attachment":"scroll","background-type":"","background-media":"","overlay-type":"","overlay-color":"","overlay-opacity":"","overlay-gradient":""}},"footnotes":""},"class_list":["post-37","page","type-page","status-publish","hentry"],"_links":{"self":[{"href":"https:\/\/gotimebox.com\/it\/wp-json\/wp\/v2\/pages\/37","targetHints":{"allow":["GET"]}}],"collection":[{"href":"https:\/\/gotimebox.com\/it\/wp-json\/wp\/v2\/pages"}],"about":[{"href":"https:\/\/gotimebox.com\/it\/wp-json\/wp\/v2\/types\/page"}],"author":[{"embeddable":true,"href":"https:\/\/gotimebox.com\/it\/wp-json\/wp\/v2\/users\/1"}],"replies":[{"embeddable":true,"href":"https:\/\/gotimebox.com\/it\/wp-json\/wp\/v2\/comments?post=37"}],"version-history":[{"count":0,"href":"https:\/\/gotimebox.com\/it\/wp-json\/wp\/v2\/pages\/37\/revisions"}],"wp:attachment":[{"href":"https:\/\/gotimebox.com\/it\/wp-json\/wp\/v2\/media?parent=37"}],"curies":[{"name":"wp","href":"https:\/\/api.w.org\/{rel}","templated":true}]}}