{"id":629,"date":"2024-10-27T11:37:35","date_gmt":"2024-10-27T11:37:35","guid":{"rendered":"https:\/\/gotimebox.com\/?page_id=629"},"modified":"2024-10-27T11:38:29","modified_gmt":"2024-10-27T11:38:29","slug":"returns","status":"publish","type":"page","link":"https:\/\/gotimebox.com\/it\/returns\/","title":{"rendered":"Restituzioni"},"content":{"rendered":"<div data-elementor-type=\"wp-page\" data-elementor-id=\"629\" class=\"elementor elementor-629\" data-elementor-post-type=\"page\">\n\t\t\t\t<div class=\"elementor-element elementor-element-32a4c66 e-flex e-con-boxed e-con e-parent\" data-id=\"32a4c66\" data-element_type=\"container\">\n\t\t\t\t\t<div class=\"e-con-inner\">\n\t\t\t\t<div class=\"elementor-element elementor-element-fb2c2c4 elementor-widget elementor-widget-heading\" data-id=\"fb2c2c4\" data-element_type=\"widget\" data-widget_type=\"heading.default\">\n\t\t\t\t<div class=\"elementor-widget-container\">\n\t\t\t\t\t<h2 class=\"elementor-heading-title elementor-size-default\">Politica di restituzione, rimborso e cambio<\/h2>\t\t\t\t<\/div>\n\t\t\t\t<\/div>\n\t\t\t\t<div class=\"elementor-element elementor-element-a1f9b8d elementor-widget elementor-widget-text-editor\" data-id=\"a1f9b8d\" data-element_type=\"widget\" data-widget_type=\"text-editor.default\">\n\t\t\t\t<div class=\"elementor-widget-container\">\n\t\t\t\t\t\t\t\t\t<p>GoTimeBox offre una politica di restituzione di 30 giorni, che consente di richiedere una restituzione entro 30 giorni dalla ricezione dell'articolo.<\/p><h4>Idoneit\u00e0 alla restituzione<\/h4><p>Per poter essere restituito, l'articolo deve essere nelle stesse condizioni in cui \u00e8 stato ricevuto: non indossato, non usato, con i cartellini e nella confezione originale. \u00c8 possibile provare articoli come orologi, anelli o braccialetti per verificarne la vestibilit\u00e0, purch\u00e9 il prodotto rimanga integro e in condizioni di rivendibilit\u00e0. \u00c8 inoltre necessario fornire la ricevuta o la prova d'acquisto.<\/p><p>Per avviare una restituzione, contattateci all'indirizzo <a rel=\"noopener\">service@gotimebox.com<\/a>.<\/p><p>Una volta approvato il reso, vi invieremo istruzioni dettagliate su come e dove spedire il pacco. Gli articoli restituiti senza previa approvazione non saranno accettati.<\/p><p>Per qualsiasi domanda sui resi, non esitate a contattarci.<\/p><h4>Danni e problemi<\/h4><p>Si prega di controllare l'ordine al momento della ricezione e di contattarci immediatamente se l'articolo \u00e8 difettoso, danneggiato o se si \u00e8 ricevuto l'articolo sbagliato. Valuteremo il problema e lo risolveremo il pi\u00f9 rapidamente possibile.<\/p><h4>Eccezioni \/ Articoli non restituibili<\/h4><p>Alcuni articoli non possono essere restituiti, compresi i prodotti personalizzati (come gli ordini speciali o gli articoli personalizzati). Se avete domande su un articolo specifico, contattateci.<\/p><h4>Scambi<\/h4><p>Se \u00e8 necessario sostituire un articolo, il modo pi\u00f9 semplice \u00e8 restituire l'articolo originale ed effettuare un nuovo ordine dopo l'approvazione del reso. In alternativa, possiamo facilitare uno scambio diretto a seconda della disponibilit\u00e0.<\/p><h4>Rimborsi<\/h4><p>Una volta ricevuto e ispezionato il reso, vi comunicheremo l'approvazione del rimborso. Se approvato, il rimborso verr\u00e0 automaticamente emesso sul metodo di pagamento originale entro 10 giorni lavorativi. La banca o la societ\u00e0 emittente della carta di credito potrebbero impiegare del tempo per elaborare e pubblicare il rimborso.<\/p><p>Se sono trascorsi pi\u00f9 di 15 giorni lavorativi dall'approvazione del reso, si prega di contattarci a <a rel=\"noopener\">service@gotimebox.com<\/a>.<\/p>\t\t\t\t\t\t\t\t<\/div>\n\t\t\t\t<\/div>\n\t\t\t\t\t<\/div>\n\t\t\t\t<\/div>\n\t\t\t\t<\/div>","protected":false},"excerpt":{"rendered":"<p>Return, Refund, and Exchange Policy At GoTimeBox, we offer a 30-day return policy, allowing you to request a return within [&hellip;]<\/p>","protected":false},"author":1,"featured_media":0,"parent":0,"menu_order":0,"comment_status":"closed","ping_status":"closed","template":"","meta":{"site-sidebar-layout":"no-sidebar","site-content-layout":"","ast-site-content-layout":"full-width-container","site-content-style":"default","site-sidebar-style":"default","ast-global-header-display":"","ast-banner-title-visibility":"","ast-main-header-display":"","ast-hfb-above-header-display":"","ast-hfb-below-header-display":"","ast-hfb-mobile-header-display":"","site-post-title":"disabled","ast-breadcrumbs-content":"","ast-featured-img":"disabled","footer-sml-layout":"","theme-transparent-header-meta":"","adv-header-id-meta":"","stick-header-meta":"","header-above-stick-meta":"","header-main-stick-meta":"","header-below-stick-meta":"","astra-migrate-meta-layouts":"default","ast-page-background-enabled":"default","ast-page-background-meta":{"desktop":{"background-color":"var(--ast-global-color-4)","background-image":"","background-repeat":"repeat","background-position":"center center","background-size":"auto","background-attachment":"scroll","background-type":"","background-media":"","overlay-type":"","overlay-color":"","overlay-opacity":"","overlay-gradient":""},"tablet":{"background-color":"","background-image":"","background-repeat":"repeat","background-position":"center center","background-size":"auto","background-attachment":"scroll","background-type":"","background-media":"","overlay-type":"","overlay-color":"","overlay-opacity":"","overlay-gradient":""},"mobile":{"background-color":"","background-image":"","background-repeat":"repeat","background-position":"center center","background-size":"auto","background-attachment":"scroll","background-type":"","background-media":"","overlay-type":"","overlay-color":"","overlay-opacity":"","overlay-gradient":""}},"ast-content-background-meta":{"desktop":{"background-color":"var(--ast-global-color-5)","background-image":"","background-repeat":"repeat","background-position":"center center","background-size":"auto","background-attachment":"scroll","background-type":"","background-media":"","overlay-type":"","overlay-color":"","overlay-opacity":"","overlay-gradient":""},"tablet":{"background-color":"var(--ast-global-color-5)","background-image":"","background-repeat":"repeat","background-position":"center center","background-size":"auto","background-attachment":"scroll","background-type":"","background-media":"","overlay-type":"","overlay-color":"","overlay-opacity":"","overlay-gradient":""},"mobile":{"background-color":"var(--ast-global-color-5)","background-image":"","background-repeat":"repeat","background-position":"center center","background-size":"auto","background-attachment":"scroll","background-type":"","background-media":"","overlay-type":"","overlay-color":"","overlay-opacity":"","overlay-gradient":""}},"footnotes":""},"class_list":["post-629","page","type-page","status-publish","hentry"],"_links":{"self":[{"href":"https:\/\/gotimebox.com\/it\/wp-json\/wp\/v2\/pages\/629","targetHints":{"allow":["GET"]}}],"collection":[{"href":"https:\/\/gotimebox.com\/it\/wp-json\/wp\/v2\/pages"}],"about":[{"href":"https:\/\/gotimebox.com\/it\/wp-json\/wp\/v2\/types\/page"}],"author":[{"embeddable":true,"href":"https:\/\/gotimebox.com\/it\/wp-json\/wp\/v2\/users\/1"}],"replies":[{"embeddable":true,"href":"https:\/\/gotimebox.com\/it\/wp-json\/wp\/v2\/comments?post=629"}],"version-history":[{"count":0,"href":"https:\/\/gotimebox.com\/it\/wp-json\/wp\/v2\/pages\/629\/revisions"}],"wp:attachment":[{"href":"https:\/\/gotimebox.com\/it\/wp-json\/wp\/v2\/media?parent=629"}],"curies":[{"name":"wp","href":"https:\/\/api.w.org\/{rel}","templated":true}]}}